{"id":10228,"date":"2020-04-01T10:41:45","date_gmt":"2020-04-01T08:41:45","guid":{"rendered":"https:\/\/jennyisbaking.com\/?page_id=10228"},"modified":"2025-12-03T18:10:49","modified_gmt":"2025-12-03T17:10:49","slug":"media-kit","status":"publish","type":"page","link":"https:\/\/jennyisbaking.com\/de\/about\/media-kit\/","title":{"rendered":"Media Kit"},"content":{"rendered":"<p><span style=\"color: #000000;\">Jenny is baking <span class=\"\">ist ein zweisprachiger Backblog auf Deutsch und Englisch f\u00fcr den Hobbyb\u00e4cker. Die bisher mehr als 450 Rezepte reichen von einfachen Cookies bis hin zu anspruchsvolleren Torten mit Fokus auf Latein- und Nordamerika neben deutschen Klassikern. Motivtorten oder Fondant wird man hier jedoch vergeblich suchen. Auf dem Foto ist die <a href=\"https:\/\/jennyisbaking.com\/de\/2018\/08\/31\/uruguays-version-of-a-peach-layer-cake-postre-chaja\/\" target=\"_blank\" rel=\"noopener noreferrer\">uruguayische Pfirsichtorte postre chaj\u00e1<\/a> zu sehen.<br \/>\n<\/span><\/span><\/p>\n<p style=\"text-align: center;\"><a href=\"https:\/\/i0.wp.com\/jennyisbaking.com\/wp-1c174-content\/uploads\/2020\/02\/DSC07197.jpg?ssl=1\"><img data-recalc-dims=\"1\" loading=\"lazy\" decoding=\"async\" data-attachment-id=\"10044\" data-permalink=\"https:\/\/jennyisbaking.com\/de\/2020\/02\/26\/echte-franzbrotchen-mit-plunderteig\/dsc07197-2\/\" data-orig-file=\"https:\/\/i0.wp.com\/jennyisbaking.com\/wp-1c174-content\/uploads\/2020\/02\/DSC07197.jpg?fit=534%2C801&amp;ssl=1\" data-orig-size=\"534,801\" data-comments-opened=\"1\" data-image-meta=\"{&quot;aperture&quot;:&quot;5&quot;,&quot;credit&quot;:&quot;Jennifer Warkentin&quot;,&quot;camera&quot;:&quot;ILCE-7&quot;,&quot;caption&quot;:&quot;&quot;,&quot;created_timestamp&quot;:&quot;1582368176&quot;,&quot;copyright&quot;:&quot;Jennifer Warkentin&quot;,&quot;focal_length&quot;:&quot;50&quot;,&quot;iso&quot;:&quot;640&quot;,&quot;shutter_speed&quot;:&quot;0.0125&quot;,&quot;title&quot;:&quot;&quot;,&quot;orientation&quot;:&quot;1&quot;}\" data-image-title=\"Echte Franzbr\u00f6tchen mit Plunderteig\" data-image-description=\"\" data-image-caption=\"\" data-large-file=\"https:\/\/i0.wp.com\/jennyisbaking.com\/wp-1c174-content\/uploads\/2020\/02\/DSC07197.jpg?fit=534%2C801&amp;ssl=1\" class=\"aligncenter size-full wp-image-10044\" src=\"https:\/\/i0.wp.com\/jennyisbaking.com\/wp-1c174-content\/uploads\/2020\/02\/DSC07197.jpg?resize=534%2C801&#038;ssl=1\" alt=\"Echte Franzbr\u00f6tchen mit Plunderteig\" width=\"534\" height=\"801\" srcset=\"https:\/\/i0.wp.com\/jennyisbaking.com\/wp-1c174-content\/uploads\/2020\/02\/DSC07197.jpg?w=534&amp;ssl=1 534w, https:\/\/i0.wp.com\/jennyisbaking.com\/wp-1c174-content\/uploads\/2020\/02\/DSC07197.jpg?resize=200%2C300&amp;ssl=1 200w\" sizes=\"auto, (max-width: 534px) 100vw, 534px\" \/><\/a><a href=\"https:\/\/jennyisbaking.com\/de\/2020\/02\/26\/echte-franzbrotchen-mit-plunderteig\/\" target=\"_blank\" rel=\"noopener noreferrer\">Echte Franzbr\u00f6tchen aus Plunderteig<\/a><\/p>\n<p>Durchschnittliche Reichweite, Stand November 2025:<\/p>\n<p>Aufrufe im Monat zw. 70-110k, November 2025 110k<\/p>\n<p>Besucher im Monat zw. 45-80k, November 2025 80k<\/p>\n<p><a href=\"https:\/\/www.pinterest.de\/jennyisbaking\/\" target=\"_blank\" rel=\"noopener noreferrer\">Pinterest:<\/a> 500k Betrachter im Monat, 6,8k Follower<\/p>\n<p><a href=\"https:\/\/www.instagram.com\/jennysbakingblog\/\" target=\"_blank\" rel=\"noopener noreferrer\">Instagram<\/a>: 2.379 Follower<\/p>\n<p><a href=\"https:\/\/www.facebook.com\/jennyisbaking\/\" target=\"_blank\" rel=\"noopener noreferrer\">Facebook<\/a>: 488 Follower<\/p>\n<p>Meist aufgerufene Rezept: <a href=\"https:\/\/jennyisbaking.com\/de\/2018\/11\/27\/chocolate-brownie-cookies-for-gloomy-november-days\/\" target=\"_blank\" rel=\"noopener noreferrer\">Schokoladige Brownie-Cookies<\/a> (mit Video), insgesamt 600k aufgerufen<\/p>\n<p>Auf Wunsch sende ich gerne weitere Details zu. Kontakt: info <em>at<\/em> jennyisbaking <em>punkt<\/em> com<\/p>\n<p style=\"text-align: center;\"><a href=\"https:\/\/i0.wp.com\/jennyisbaking.com\/wp-1c174-content\/uploads\/2019\/11\/DSC06065.jpg?ssl=1\"><img data-recalc-dims=\"1\" loading=\"lazy\" decoding=\"async\" data-attachment-id=\"9741\" data-permalink=\"https:\/\/jennyisbaking.com\/de\/2019\/12\/20\/uruguayan-flan-and-merry-christmas\/dsc06065\/\" data-orig-file=\"https:\/\/i0.wp.com\/jennyisbaking.com\/wp-1c174-content\/uploads\/2019\/11\/DSC06065.jpg?fit=534%2C801&amp;ssl=1\" data-orig-size=\"534,801\" data-comments-opened=\"1\" data-image-meta=\"{&quot;aperture&quot;:&quot;4.5&quot;,&quot;credit&quot;:&quot;Jennifer Warkentin&quot;,&quot;camera&quot;:&quot;ILCE-7&quot;,&quot;caption&quot;:&quot;&quot;,&quot;created_timestamp&quot;:&quot;1573986095&quot;,&quot;copyright&quot;:&quot;Jennifer Warkentin&quot;,&quot;focal_length&quot;:&quot;50&quot;,&quot;iso&quot;:&quot;800&quot;,&quot;shutter_speed&quot;:&quot;0.0125&quot;,&quot;title&quot;:&quot;&quot;,&quot;orientation&quot;:&quot;1&quot;}\" data-image-title=\"Uruguayischer Flan\" data-image-description=\"\" data-image-caption=\"\" data-large-file=\"https:\/\/i0.wp.com\/jennyisbaking.com\/wp-1c174-content\/uploads\/2019\/11\/DSC06065.jpg?fit=534%2C801&amp;ssl=1\" class=\"aligncenter size-full wp-image-9741\" src=\"https:\/\/i0.wp.com\/jennyisbaking.com\/wp-1c174-content\/uploads\/2019\/11\/DSC06065.jpg?resize=534%2C801&#038;ssl=1\" alt=\"Uruguayischer Flan\" width=\"534\" height=\"801\" srcset=\"https:\/\/i0.wp.com\/jennyisbaking.com\/wp-1c174-content\/uploads\/2019\/11\/DSC06065.jpg?w=534&amp;ssl=1 534w, https:\/\/i0.wp.com\/jennyisbaking.com\/wp-1c174-content\/uploads\/2019\/11\/DSC06065.jpg?resize=200%2C300&amp;ssl=1 200w\" sizes=\"auto, (max-width: 534px) 100vw, 534px\" \/><\/a><a href=\"https:\/\/jennyisbaking.com\/de\/2019\/12\/20\/uruguayan-flan-and-merry-christmas\/\" target=\"_blank\" rel=\"noopener noreferrer\">Uruguayischer Flan<\/a><\/p>\n<p>&nbsp;<\/p>","protected":false},"excerpt":{"rendered":"<p>Jenny is baking ist ein zweisprachiger Backblog auf Deutsch und Englisch f\u00fcr den Hobbyb\u00e4cker. Die bisher mehr als 450 Rezepte reichen von einfachen Cookies bis hin zu anspruchsvolleren Torten mit Fokus auf Latein- und Nordamerika neben deutschen Klassikern. Motivtorten oder Fondant wird man hier jedoch vergeblich suchen. Auf dem Foto ist die uruguayische Pfirsichtorte postre chaj\u00e1 zu sehen. Echte Franzbr\u00f6tchen aus Plunderteig Durchschnittliche Reichweite, Stand November 2025: Aufrufe im Monat zw. 70-110k, November 2025 110k Besucher im Monat zw. 45-80k, November 2025 80k Pinterest: 500k Betrachter im Monat, 6,8k Follower Instagram: 2.379 Follower Facebook: 488 Follower Meist aufgerufene Rezept: Schokoladige Brownie-Cookies (mit Video), insgesamt 600k aufgerufen Auf Wunsch sende ich gerne weitere Details zu. Kontakt: info at jennyisbaking punkt com Uruguayischer Flan &nbsp;<\/p>\n","protected":false},"author":1,"featured_media":17524,"parent":6,"menu_order":0,"comment_status":"closed","ping_status":"closed","template":"","meta":{"jetpack_post_was_ever_published":false,"footnotes":""},"class_list":["post-10228","page","type-page","status-publish","has-post-thumbnail","hentry"],"yoast_head":"<!-- This site is optimized with the Yoast SEO plugin v27.4 - https:\/\/yoast.com\/product\/yoast-seo-wordpress\/ -->\n<title>Media Kit - Jenny is baking<\/title>\n<meta name=\"robots\" content=\"index, follow, max-snippet:-1, max-image-preview:large, max-video-preview:-1\" \/>\n<link rel=\"canonical\" href=\"https:\/\/jennyisbaking.com\/de\/about\/media-kit\/\" \/>\n<meta property=\"og:locale\" content=\"de_DE\" \/>\n<meta property=\"og:type\" content=\"article\" \/>\n<meta property=\"og:title\" content=\"Media Kit - Jenny is baking\" \/>\n<meta property=\"og:description\" content=\"Jenny is baking ist ein zweisprachiger Backblog auf Deutsch und Englisch f\u00fcr den Hobbyb\u00e4cker. Die bisher mehr als 450 Rezepte reichen von einfachen Cookies bis hin zu anspruchsvolleren Torten mit Fokus auf Latein- und Nordamerika neben deutschen Klassikern. Motivtorten oder Fondant wird man hier jedoch vergeblich suchen. Auf dem Foto ist die uruguayische Pfirsichtorte postre chaj\u00e1 zu sehen. Echte Franzbr\u00f6tchen aus Plunderteig Durchschnittliche Reichweite, Stand November 2025: Aufrufe im Monat zw. 70-110k, November 2025 110k Besucher im Monat zw. 45-80k, November 2025 80k Pinterest: 500k Betrachter im Monat, 6,8k Follower Instagram: 2.379 Follower Facebook: 488 Follower Meist aufgerufene Rezept: Schokoladige Brownie-Cookies (mit Video), insgesamt 600k aufgerufen Auf Wunsch sende ich gerne weitere Details zu. Kontakt: info at jennyisbaking punkt com Uruguayischer Flan &nbsp;\" \/>\n<meta property=\"og:url\" content=\"https:\/\/jennyisbaking.com\/de\/about\/media-kit\/\" \/>\n<meta property=\"og:site_name\" content=\"Jenny is baking\" \/>\n<meta property=\"article:publisher\" content=\"https:\/\/www.facebook.com\/jennyisbaking\/\" \/>\n<meta property=\"article:modified_time\" content=\"2025-12-03T17:10:49+00:00\" \/>\n<meta property=\"og:image\" content=\"https:\/\/jennyisbaking.com\/wp-1c174-content\/uploads\/2018\/08\/Postre-chaja-1.jpg\" \/>\n\t<meta property=\"og:image:width\" content=\"534\" \/>\n\t<meta property=\"og:image:height\" content=\"801\" \/>\n\t<meta property=\"og:image:type\" content=\"image\/jpeg\" \/>\n<meta name=\"twitter:card\" content=\"summary_large_image\" \/>\n<meta name=\"twitter:label1\" content=\"Gesch\u00e4tzte Lesezeit\" \/>\n\t<meta name=\"twitter:data1\" content=\"2\u00a0Minuten\" \/>\n<script type=\"application\/ld+json\" class=\"yoast-schema-graph\">{\"@context\":\"https:\\\/\\\/schema.org\",\"@graph\":[{\"@type\":\"WebPage\",\"@id\":\"https:\\\/\\\/jennyisbaking.com\\\/de\\\/about\\\/media-kit\\\/\",\"url\":\"https:\\\/\\\/jennyisbaking.com\\\/de\\\/about\\\/media-kit\\\/\",\"name\":\"Media Kit - Jenny is baking\",\"isPartOf\":{\"@id\":\"https:\\\/\\\/jennyisbaking.com\\\/de\\\/#website\"},\"primaryImageOfPage\":{\"@id\":\"https:\\\/\\\/jennyisbaking.com\\\/de\\\/about\\\/media-kit\\\/#primaryimage\"},\"image\":{\"@id\":\"https:\\\/\\\/jennyisbaking.com\\\/about\\\/media-kit\\\/#primaryimage\"},\"thumbnailUrl\":\"https:\\\/\\\/i0.wp.com\\\/jennyisbaking.com\\\/wp-1c174-content\\\/uploads\\\/2018\\\/08\\\/Postre-chaja-1.jpg?fit=534%2C801&ssl=1\",\"datePublished\":\"2020-04-01T08:41:45+00:00\",\"dateModified\":\"2025-12-03T17:10:49+00:00\",\"breadcrumb\":{\"@id\":\"https:\\\/\\\/jennyisbaking.com\\\/de\\\/about\\\/media-kit\\\/#breadcrumb\"},\"inLanguage\":\"de\",\"potentialAction\":[{\"@type\":\"ReadAction\",\"target\":[[\"https:\\\/\\\/jennyisbaking.com\\\/de\\\/about\\\/media-kit\\\/\"]]}]},{\"@type\":\"ImageObject\",\"inLanguage\":\"de\",\"@id\":\"https:\\\/\\\/jennyisbaking.com\\\/de\\\/about\\\/media-kit\\\/#primaryimage\",\"url\":\"https:\\\/\\\/i0.wp.com\\\/jennyisbaking.com\\\/wp-1c174-content\\\/uploads\\\/2018\\\/08\\\/Postre-chaja-1.jpg?fit=534%2C801&ssl=1\",\"contentUrl\":\"https:\\\/\\\/i0.wp.com\\\/jennyisbaking.com\\\/wp-1c174-content\\\/uploads\\\/2018\\\/08\\\/Postre-chaja-1.jpg?fit=534%2C801&ssl=1\",\"width\":534,\"height\":801},{\"@type\":\"BreadcrumbList\",\"@id\":\"https:\\\/\\\/jennyisbaking.com\\\/de\\\/about\\\/media-kit\\\/#breadcrumb\",\"itemListElement\":[{\"@type\":\"ListItem\",\"position\":1,\"name\":\"Startseite\",\"item\":\"https:\\\/\\\/jennyisbaking.com\\\/de\\\/\"},{\"@type\":\"ListItem\",\"position\":2,\"name\":\"About me\",\"item\":\"https:\\\/\\\/jennyisbaking.com\\\/de\\\/about\\\/\"},{\"@type\":\"ListItem\",\"position\":3,\"name\":\"Media Kit\"}]},{\"@type\":\"WebSite\",\"@id\":\"https:\\\/\\\/jennyisbaking.com\\\/de\\\/#website\",\"url\":\"https:\\\/\\\/jennyisbaking.com\\\/de\\\/\",\"name\":\"Jenny is baking\",\"description\":\"Backrezepte aus Nord- und S\u00fcdamerika\",\"potentialAction\":[{\"@type\":\"SearchAction\",\"target\":{\"@type\":\"EntryPoint\",\"urlTemplate\":\"https:\\\/\\\/jennyisbaking.com\\\/de\\\/?s={search_term_string}\"},\"query-input\":{\"@type\":\"PropertyValueSpecification\",\"valueRequired\":true,\"valueName\":\"search_term_string\"}}],\"inLanguage\":\"de\"}]}<\/script>\n<!-- \/ Yoast SEO plugin. -->","yoast_head_json":{"title":"Media Kit - Jenny is baking","robots":{"index":"index","follow":"follow","max-snippet":"max-snippet:-1","max-image-preview":"max-image-preview:large","max-video-preview":"max-video-preview:-1"},"canonical":"https:\/\/jennyisbaking.com\/de\/about\/media-kit\/","og_locale":"de_DE","og_type":"article","og_title":"Media Kit - Jenny is baking","og_description":"Jenny is baking ist ein zweisprachiger Backblog auf Deutsch und Englisch f\u00fcr den Hobbyb\u00e4cker. Die bisher mehr als 450 Rezepte reichen von einfachen Cookies bis hin zu anspruchsvolleren Torten mit Fokus auf Latein- und Nordamerika neben deutschen Klassikern. Motivtorten oder Fondant wird man hier jedoch vergeblich suchen. Auf dem Foto ist die uruguayische Pfirsichtorte postre chaj\u00e1 zu sehen. Echte Franzbr\u00f6tchen aus Plunderteig Durchschnittliche Reichweite, Stand November 2025: Aufrufe im Monat zw. 70-110k, November 2025 110k Besucher im Monat zw. 45-80k, November 2025 80k Pinterest: 500k Betrachter im Monat, 6,8k Follower Instagram: 2.379 Follower Facebook: 488 Follower Meist aufgerufene Rezept: Schokoladige Brownie-Cookies (mit Video), insgesamt 600k aufgerufen Auf Wunsch sende ich gerne weitere Details zu. Kontakt: info at jennyisbaking punkt com Uruguayischer Flan &nbsp;","og_url":"https:\/\/jennyisbaking.com\/de\/about\/media-kit\/","og_site_name":"Jenny is baking","article_publisher":"https:\/\/www.facebook.com\/jennyisbaking\/","article_modified_time":"2025-12-03T17:10:49+00:00","og_image":[{"width":534,"height":801,"url":"https:\/\/jennyisbaking.com\/wp-1c174-content\/uploads\/2018\/08\/Postre-chaja-1.jpg","type":"image\/jpeg"}],"twitter_card":"summary_large_image","twitter_misc":{"Gesch\u00e4tzte Lesezeit":"2\u00a0Minuten"},"schema":{"@context":"https:\/\/schema.org","@graph":[{"@type":"WebPage","@id":"https:\/\/jennyisbaking.com\/de\/about\/media-kit\/","url":"https:\/\/jennyisbaking.com\/de\/about\/media-kit\/","name":"Media Kit - Jenny is baking","isPartOf":{"@id":"https:\/\/jennyisbaking.com\/de\/#website"},"primaryImageOfPage":{"@id":"https:\/\/jennyisbaking.com\/de\/about\/media-kit\/#primaryimage"},"image":{"@id":"https:\/\/jennyisbaking.com\/about\/media-kit\/#primaryimage"},"thumbnailUrl":"https:\/\/i0.wp.com\/jennyisbaking.com\/wp-1c174-content\/uploads\/2018\/08\/Postre-chaja-1.jpg?fit=534%2C801&ssl=1","datePublished":"2020-04-01T08:41:45+00:00","dateModified":"2025-12-03T17:10:49+00:00","breadcrumb":{"@id":"https:\/\/jennyisbaking.com\/de\/about\/media-kit\/#breadcrumb"},"inLanguage":"de","potentialAction":[{"@type":"ReadAction","target":[["https:\/\/jennyisbaking.com\/de\/about\/media-kit\/"]]}]},{"@type":"ImageObject","inLanguage":"de","@id":"https:\/\/jennyisbaking.com\/de\/about\/media-kit\/#primaryimage","url":"https:\/\/i0.wp.com\/jennyisbaking.com\/wp-1c174-content\/uploads\/2018\/08\/Postre-chaja-1.jpg?fit=534%2C801&ssl=1","contentUrl":"https:\/\/i0.wp.com\/jennyisbaking.com\/wp-1c174-content\/uploads\/2018\/08\/Postre-chaja-1.jpg?fit=534%2C801&ssl=1","width":534,"height":801},{"@type":"BreadcrumbList","@id":"https:\/\/jennyisbaking.com\/de\/about\/media-kit\/#breadcrumb","itemListElement":[{"@type":"ListItem","position":1,"name":"Startseite","item":"https:\/\/jennyisbaking.com\/de\/"},{"@type":"ListItem","position":2,"name":"About me","item":"https:\/\/jennyisbaking.com\/de\/about\/"},{"@type":"ListItem","position":3,"name":"Media Kit"}]},{"@type":"WebSite","@id":"https:\/\/jennyisbaking.com\/de\/#website","url":"https:\/\/jennyisbaking.com\/de\/","name":"Jenny is baking","description":"Backrezepte aus Nord- und S\u00fcdamerika","potentialAction":[{"@type":"SearchAction","target":{"@type":"EntryPoint","urlTemplate":"https:\/\/jennyisbaking.com\/de\/?s={search_term_string}"},"query-input":{"@type":"PropertyValueSpecification","valueRequired":true,"valueName":"search_term_string"}}],"inLanguage":"de"}]}},"jetpack_sharing_enabled":true,"jetpack_shortlink":"https:\/\/wp.me\/P8MAhl-2EY","jetpack-related-posts":[{"id":47,"url":"https:\/\/jennyisbaking.com\/de\/about\/faq\/","url_meta":{"origin":10228,"position":0},"title":"FAQ","author":"Jenny","date":"Samstag, der 11. Februar 2017","format":false,"excerpt":"Wer isst die ganzen Cookies, Torten usw? Keine Sorge, mein Mann und ich essen nicht alles alleine auf. Ja, ich probiere von allen Sachen selbst. Oft ist es ein kleines Probierst\u00fcck, aber ich w\u00fcrde niemals etwas ver\u00f6ffentlichen ohne es probiert zu haben. Daf\u00fcr ist mir der Geschmack viel zu wichtig.\u2026","rel":"","context":"\u00c4hnlicher Beitrag","block_context":{"text":"\u00c4hnlicher Beitrag","link":""},"img":{"alt_text":"","src":"https:\/\/i0.wp.com\/jennyisbaking.com\/wp-1c174-content\/uploads\/2018\/07\/Alfajor-marplatense-1.jpg?fit=534%2C801&ssl=1&resize=350%2C200","width":350,"height":200,"srcset":"https:\/\/i0.wp.com\/jennyisbaking.com\/wp-1c174-content\/uploads\/2018\/07\/Alfajor-marplatense-1.jpg?fit=534%2C801&ssl=1&resize=350%2C200 1x, https:\/\/i0.wp.com\/jennyisbaking.com\/wp-1c174-content\/uploads\/2018\/07\/Alfajor-marplatense-1.jpg?fit=534%2C801&ssl=1&resize=525%2C300 1.5x"},"classes":[]},{"id":6717,"url":"https:\/\/jennyisbaking.com\/de\/recipe-index\/by-country\/","url_meta":{"origin":10228,"position":1},"title":"Nach L\u00e4ndern","author":"Jenny","date":"Sonntag, der 19. August 2018","format":false,"excerpt":"","rel":"","context":"\u00c4hnlicher Beitrag","block_context":{"text":"\u00c4hnlicher Beitrag","link":""},"img":{"alt_text":"","src":"","width":0,"height":0},"classes":[]},{"id":64,"url":"https:\/\/jennyisbaking.com\/de\/recipe-index\/","url_meta":{"origin":10228,"position":2},"title":"Alle Rezepte","author":"Jenny","date":"Samstag, der 11. Februar 2017","format":false,"excerpt":"Merken","rel":"","context":"\u00c4hnlicher Beitrag","block_context":{"text":"\u00c4hnlicher Beitrag","link":""},"img":{"alt_text":"","src":"https:\/\/i0.wp.com\/jennyisbaking.com\/wp-1c174-content\/uploads\/2018\/05\/DSC09200.jpg?fit=801%2C534&ssl=1&resize=350%2C200","width":350,"height":200,"srcset":"https:\/\/i0.wp.com\/jennyisbaking.com\/wp-1c174-content\/uploads\/2018\/05\/DSC09200.jpg?fit=801%2C534&ssl=1&resize=350%2C200 1x, https:\/\/i0.wp.com\/jennyisbaking.com\/wp-1c174-content\/uploads\/2018\/05\/DSC09200.jpg?fit=801%2C534&ssl=1&resize=525%2C300 1.5x, https:\/\/i0.wp.com\/jennyisbaking.com\/wp-1c174-content\/uploads\/2018\/05\/DSC09200.jpg?fit=801%2C534&ssl=1&resize=700%2C400 2x"},"classes":[]},{"id":6709,"url":"https:\/\/jennyisbaking.com\/de\/recipe-index\/by-category\/","url_meta":{"origin":10228,"position":3},"title":"Nach Kategorie","author":"Jenny","date":"Sonntag, der 19. August 2018","format":false,"excerpt":"","rel":"","context":"\u00c4hnlicher Beitrag","block_context":{"text":"\u00c4hnlicher Beitrag","link":""},"img":{"alt_text":"","src":"","width":0,"height":0},"classes":[]},{"id":6722,"url":"https:\/\/jennyisbaking.com\/de\/recipe-index\/occasion\/","url_meta":{"origin":10228,"position":4},"title":"Nach Anlass","author":"Jenny","date":"Sonntag, der 19. August 2018","format":false,"excerpt":"","rel":"","context":"\u00c4hnlicher Beitrag","block_context":{"text":"\u00c4hnlicher Beitrag","link":""},"img":{"alt_text":"","src":"","width":0,"height":0},"classes":[]},{"id":3068,"url":"https:\/\/jennyisbaking.com\/de\/contact\/imprint\/","url_meta":{"origin":10228,"position":5},"title":"Impressum und Datenschutzerkl\u00e4rung","author":"Jenny","date":"Dienstag, der 23. Mai 2017","format":false,"excerpt":"Angaben gem\u00e4\u00df \u00a7 5 TMG: Jennifer Warkentin Welfenstr. 16a \/ 81541 M\u00fcnchen E-Mail: info at jennyisbaking punkt com Verantwortlich f\u00fcr den Inhalt nach \u00a7 55 Abs. 2 RStV: Jennifer Warkentin Welfenstr. 16a \/ 81541 M\u00fcnchen Haftungsausschluss (Disclaimer)Haftung f\u00fcr Inhalte Als Diensteanbieter sind wir gem\u00e4\u00df \u00a7 7 Abs.1 TMG f\u00fcr eigene\u2026","rel":"","context":"\u00c4hnlicher Beitrag","block_context":{"text":"\u00c4hnlicher Beitrag","link":""},"img":{"alt_text":"","src":"","width":0,"height":0},"classes":[]}],"_links":{"self":[{"href":"https:\/\/jennyisbaking.com\/de\/wp-json\/wp\/v2\/pages\/10228","targetHints":{"allow":["GET"]}}],"collection":[{"href":"https:\/\/jennyisbaking.com\/de\/wp-json\/wp\/v2\/pages"}],"about":[{"href":"https:\/\/jennyisbaking.com\/de\/wp-json\/wp\/v2\/types\/page"}],"author":[{"embeddable":true,"href":"https:\/\/jennyisbaking.com\/de\/wp-json\/wp\/v2\/users\/1"}],"replies":[{"embeddable":true,"href":"https:\/\/jennyisbaking.com\/de\/wp-json\/wp\/v2\/comments?post=10228"}],"version-history":[{"count":15,"href":"https:\/\/jennyisbaking.com\/de\/wp-json\/wp\/v2\/pages\/10228\/revisions"}],"predecessor-version":[{"id":18995,"href":"https:\/\/jennyisbaking.com\/de\/wp-json\/wp\/v2\/pages\/10228\/revisions\/18995"}],"up":[{"embeddable":true,"href":"https:\/\/jennyisbaking.com\/de\/wp-json\/wp\/v2\/pages\/6"}],"wp:featuredmedia":[{"embeddable":true,"href":"https:\/\/jennyisbaking.com\/de\/wp-json\/wp\/v2\/media\/17524"}],"wp:attachment":[{"href":"https:\/\/jennyisbaking.com\/de\/wp-json\/wp\/v2\/media?parent=10228"}],"curies":[{"name":"wp","href":"https:\/\/api.w.org\/{rel}","templated":true}]}}