{"id":15003,"date":"2023-08-14T14:44:16","date_gmt":"2023-08-14T12:44:16","guid":{"rendered":"https:\/\/jennyisbaking.com\/?page_id=15003"},"modified":"2023-08-14T14:50:38","modified_gmt":"2023-08-14T12:50:38","slug":"wedding-cakes","status":"publish","type":"page","link":"https:\/\/jennyisbaking.com\/de\/wedding-cakes\/","title":{"rendered":"Hochzeitstorten"},"content":{"rendered":"<p>\t\t\r\n\t\t\t\t\r\n\t\t\t\t<h4 class=\"index-heading\"><span>Hochzeitstorten<\/span>\r\n\t\t\t\t<a href=\"https:\/\/jennyisbaking.com\/de\/category\/wedding-cakes\/\">alle Hochzeitstorten <i class=\"fa fa-angle-double-right\"><\/i><\/a>\r\n\t\t\t\t<\/h4>\r\n\t\t\t\t\r\n\t\t\t\t\r\n\t\t\t\r\n\t\t\t<ul class=\"sp-grid col4\">\r\n\t\t\t\t\r\n\t\t\t\t\t\r\n\t\t\t<li>\r\n\t\t\t<article id=\"post-18007\" class=\"grid-item post-18007 post type-post status-publish format-standard has-post-thumbnail hentry category-cakes category-kuchen category-mothers-day category-wedding-cakes tag-buttercream tag-buttercreme tag-cake tag-erbeertorte tag-erdbeer tag-erdbeeren tag-rose tag-rosen tag-roses tag-strawberries tag-strawberry tag-torte\">\r\n\t\t\t\t\r\n\t\t\t\t\t\t\t\t<div class=\"post-img\">\r\n\t\t\t\t\t\t\t\t\t\t<a href=\"https:\/\/jennyisbaking.com\/de\/2025\/05\/09\/erdbeer-vanille-torte-mit-rosen-aus-buttercreme\/\"><img loading=\"lazy\" decoding=\"async\" width=\"350\" height=\"460\" src=\"https:\/\/i0.wp.com\/jennyisbaking.com\/wp-1c174-content\/uploads\/2025\/04\/Erdbeer-Vanilletorte-mit-Rosen.jpg?resize=350%2C460&amp;ssl=1\" class=\"attachment-sprout_spoon_misc-thumb size-sprout_spoon_misc-thumb wp-post-image\" alt=\"\" data-attachment-id=\"18008\" data-permalink=\"https:\/\/jennyisbaking.com\/de\/2025\/05\/09\/erdbeer-vanille-torte-mit-rosen-aus-buttercreme\/erdbeer-vanilletorte-mit-rosen\/\" data-orig-file=\"https:\/\/i0.wp.com\/jennyisbaking.com\/wp-1c174-content\/uploads\/2025\/04\/Erdbeer-Vanilletorte-mit-Rosen.jpg?fit=534%2C801&amp;ssl=1\" data-orig-size=\"534,801\" data-comments-opened=\"1\" data-image-meta=\"{&quot;aperture&quot;:&quot;0&quot;,&quot;credit&quot;:&quot;&quot;,&quot;camera&quot;:&quot;&quot;,&quot;caption&quot;:&quot;&quot;,&quot;created_timestamp&quot;:&quot;0&quot;,&quot;copyright&quot;:&quot;&quot;,&quot;focal_length&quot;:&quot;0&quot;,&quot;iso&quot;:&quot;0&quot;,&quot;shutter_speed&quot;:&quot;0&quot;,&quot;title&quot;:&quot;&quot;,&quot;orientation&quot;:&quot;0&quot;}\" data-image-title=\"Erdbeer-Vanilletorte-mit-Rosen\" data-image-description=\"\" data-image-caption=\"\" data-large-file=\"https:\/\/i0.wp.com\/jennyisbaking.com\/wp-1c174-content\/uploads\/2025\/04\/Erdbeer-Vanilletorte-mit-Rosen.jpg?fit=534%2C801&amp;ssl=1\" \/><\/a>\r\n\t\t\t\t\t\t\t\t\t<\/div>\r\n\t\t\t\t\t\t\t\t\r\n\t\t\t\t<div class=\"post-header\">\r\n\t\t\t\t\t\r\n\t\t\t\t\t\t\t\t\t\t\r\n\t\t\t\t\t\t\t\t\t\t<h2><a href=\"https:\/\/jennyisbaking.com\/de\/2025\/05\/09\/erdbeer-vanille-torte-mit-rosen-aus-buttercreme\/\">Erdbeer-Vanilletorte mit Blumen aus Buttercreme<\/a><\/h2>\r\n\t\t\t\t\t\t\t\t\t\t\r\n\t\t\t\t<\/div>\r\n\t\t\t\t\r\n\t\t\t\t\t\t\t\t<span class=\"date\">09\/05\/2025<\/span>\r\n\t\t\t\t\t\t\t\t\r\n\t\t\t<\/article>\r\n\t\t\t<\/li>\r\n\t\t\r\n\t\t\t\t\t\r\n\t\t\t<li>\r\n\t\t\t<article id=\"post-17562\" class=\"grid-item post-17562 post type-post status-publish format-standard has-post-thumbnail hentry category-allgemein category-cakes category-kuchen category-wedding-cakes tag-biskuit tag-blueberry tag-cake tag-cake-painting tag-lemon tag-lemon-blueberry tag-palette-painting tag-palettenmesser tag-sponge tag-sponge-cake tag-torte tag-zitrone tag-zitrone-heidelbeer tag-zitronenbiskuit\">\r\n\t\t\t\t\r\n\t\t\t\t\t\t\t\t<div class=\"post-img\">\r\n\t\t\t\t\t\t\t\t\t\t<a href=\"https:\/\/jennyisbaking.com\/de\/2025\/02\/14\/zitronen-heidelbeer-torte\/\"><img loading=\"lazy\" decoding=\"async\" width=\"350\" height=\"460\" src=\"https:\/\/i0.wp.com\/jennyisbaking.com\/wp-1c174-content\/uploads\/2025\/01\/Zitronen-heidelbeer-Torte.jpg?resize=350%2C460&amp;ssl=1\" class=\"attachment-sprout_spoon_misc-thumb size-sprout_spoon_misc-thumb wp-post-image\" alt=\"\" data-attachment-id=\"17568\" data-permalink=\"https:\/\/jennyisbaking.com\/de\/2025\/02\/14\/zitronen-heidelbeer-torte\/zitronen-heidelbeer-torte\/\" data-orig-file=\"https:\/\/i0.wp.com\/jennyisbaking.com\/wp-1c174-content\/uploads\/2025\/01\/Zitronen-heidelbeer-Torte.jpg?fit=534%2C801&amp;ssl=1\" data-orig-size=\"534,801\" data-comments-opened=\"1\" data-image-meta=\"{&quot;aperture&quot;:&quot;0&quot;,&quot;credit&quot;:&quot;&quot;,&quot;camera&quot;:&quot;&quot;,&quot;caption&quot;:&quot;&quot;,&quot;created_timestamp&quot;:&quot;0&quot;,&quot;copyright&quot;:&quot;&quot;,&quot;focal_length&quot;:&quot;0&quot;,&quot;iso&quot;:&quot;0&quot;,&quot;shutter_speed&quot;:&quot;0&quot;,&quot;title&quot;:&quot;&quot;,&quot;orientation&quot;:&quot;0&quot;}\" data-image-title=\"Zitronen-heidelbeer-Torte\" data-image-description=\"\" data-image-caption=\"\" data-large-file=\"https:\/\/i0.wp.com\/jennyisbaking.com\/wp-1c174-content\/uploads\/2025\/01\/Zitronen-heidelbeer-Torte.jpg?fit=534%2C801&amp;ssl=1\" \/><\/a>\r\n\t\t\t\t\t\t\t\t\t<\/div>\r\n\t\t\t\t\t\t\t\t\r\n\t\t\t\t<div class=\"post-header\">\r\n\t\t\t\t\t\r\n\t\t\t\t\t\t\t\t\t\t\r\n\t\t\t\t\t\t\t\t\t\t<h2><a href=\"https:\/\/jennyisbaking.com\/de\/2025\/02\/14\/zitronen-heidelbeer-torte\/\">Erfrischende Zitronen-Heidelbeertorte zum 8. Bloggeburtstag<\/a><\/h2>\r\n\t\t\t\t\t\t\t\t\t\t\r\n\t\t\t\t<\/div>\r\n\t\t\t\t\r\n\t\t\t\t\t\t\t\t<span class=\"date\">14\/02\/2025<\/span>\r\n\t\t\t\t\t\t\t\t\r\n\t\t\t<\/article>\r\n\t\t\t<\/li>\r\n\t\t\r\n\t\t\t\t\t\r\n\t\t\t<li>\r\n\t\t\t<article id=\"post-16406\" class=\"grid-item post-16406 post type-post status-publish format-standard has-post-thumbnail hentry category-how-to category-wedding-cakes tag-3d tag-blume tag-blumen tag-buttercream tag-buttercreme tag-cake-artist tag-flower tag-flowers tag-palette-knife tag-palette-knives tag-palettenmesser tag-three-dimensional\">\r\n\t\t\t\t\r\n\t\t\t\t\t\t\t\t<div class=\"post-img\">\r\n\t\t\t\t\t\t\t\t\t\t<a href=\"https:\/\/jennyisbaking.com\/de\/2024\/05\/05\/blumen-aus-buttercreme-mit-dem-palettenmesser\/\"><img loading=\"lazy\" decoding=\"async\" width=\"350\" height=\"460\" src=\"https:\/\/i0.wp.com\/jennyisbaking.com\/wp-1c174-content\/uploads\/2024\/04\/Torte-mit-Blumen-aus-Buttercreme-1.jpg?resize=350%2C460&amp;ssl=1\" class=\"attachment-sprout_spoon_misc-thumb size-sprout_spoon_misc-thumb wp-post-image\" alt=\"\" data-attachment-id=\"16409\" data-permalink=\"https:\/\/jennyisbaking.com\/de\/2024\/05\/05\/blumen-aus-buttercreme-mit-dem-palettenmesser\/torte-mit-blumen-aus-buttercreme-1\/\" data-orig-file=\"https:\/\/i0.wp.com\/jennyisbaking.com\/wp-1c174-content\/uploads\/2024\/04\/Torte-mit-Blumen-aus-Buttercreme-1.jpg?fit=534%2C801&amp;ssl=1\" data-orig-size=\"534,801\" data-comments-opened=\"1\" data-image-meta=\"{&quot;aperture&quot;:&quot;0&quot;,&quot;credit&quot;:&quot;&quot;,&quot;camera&quot;:&quot;&quot;,&quot;caption&quot;:&quot;&quot;,&quot;created_timestamp&quot;:&quot;0&quot;,&quot;copyright&quot;:&quot;&quot;,&quot;focal_length&quot;:&quot;0&quot;,&quot;iso&quot;:&quot;0&quot;,&quot;shutter_speed&quot;:&quot;0&quot;,&quot;title&quot;:&quot;&quot;,&quot;orientation&quot;:&quot;0&quot;}\" data-image-title=\"Torte-mit-Blumen-aus-Buttercreme-1\" data-image-description=\"\" data-image-caption=\"\" data-large-file=\"https:\/\/i0.wp.com\/jennyisbaking.com\/wp-1c174-content\/uploads\/2024\/04\/Torte-mit-Blumen-aus-Buttercreme-1.jpg?fit=534%2C801&amp;ssl=1\" \/><\/a>\r\n\t\t\t\t\t\t\t\t\t<\/div>\r\n\t\t\t\t\t\t\t\t\r\n\t\t\t\t<div class=\"post-header\">\r\n\t\t\t\t\t\r\n\t\t\t\t\t\t\t\t\t\t\r\n\t\t\t\t\t\t\t\t\t\t<h2><a href=\"https:\/\/jennyisbaking.com\/de\/2024\/05\/05\/blumen-aus-buttercreme-mit-dem-palettenmesser\/\">Dreidimensionale Blumen aus Buttercreme mit dem Palettenmesser<\/a><\/h2>\r\n\t\t\t\t\t\t\t\t\t\t\r\n\t\t\t\t<\/div>\r\n\t\t\t\t\r\n\t\t\t\t\t\t\t\t<span class=\"date\">05\/05\/2024<\/span>\r\n\t\t\t\t\t\t\t\t\r\n\t\t\t<\/article>\r\n\t\t\t<\/li>\r\n\t\t\r\n\t\t\t\t\t\r\n\t\t\t<li>\r\n\t\t\t<article id=\"post-15206\" class=\"grid-item post-15206 post type-post status-publish format-standard has-post-thumbnail hentry category-wedding-cakes tag-chocolate tag-chocolate-wedding-cake tag-dreistoeckig tag-herbsttorte tag-hochzeitstorte tag-recipe tag-rezept tag-schoko tag-schokohochzeitstorte tag-schokotorte tag-three-tiered tag-wedding-cake\">\r\n\t\t\t\t\r\n\t\t\t\t\t\t\t\t<div class=\"post-img\">\r\n\t\t\t\t\t\t\t\t\t\t<a href=\"https:\/\/jennyisbaking.com\/de\/2023\/10\/03\/kleine-dreistockige-schoko-hochzeitstorte\/\"><img loading=\"lazy\" decoding=\"async\" width=\"350\" height=\"460\" src=\"https:\/\/i0.wp.com\/jennyisbaking.com\/wp-1c174-content\/uploads\/2023\/09\/Schoko-Hochzeitstorte-1.jpg?resize=350%2C460&amp;ssl=1\" class=\"attachment-sprout_spoon_misc-thumb size-sprout_spoon_misc-thumb wp-post-image\" alt=\"\" data-attachment-id=\"15212\" data-permalink=\"https:\/\/jennyisbaking.com\/de\/2023\/10\/03\/kleine-dreistockige-schoko-hochzeitstorte\/schoko-hochzeitstorte-1\/\" data-orig-file=\"https:\/\/i0.wp.com\/jennyisbaking.com\/wp-1c174-content\/uploads\/2023\/09\/Schoko-Hochzeitstorte-1.jpg?fit=534%2C801&amp;ssl=1\" data-orig-size=\"534,801\" data-comments-opened=\"1\" data-image-meta=\"{&quot;aperture&quot;:&quot;0&quot;,&quot;credit&quot;:&quot;&quot;,&quot;camera&quot;:&quot;&quot;,&quot;caption&quot;:&quot;&quot;,&quot;created_timestamp&quot;:&quot;0&quot;,&quot;copyright&quot;:&quot;&quot;,&quot;focal_length&quot;:&quot;0&quot;,&quot;iso&quot;:&quot;0&quot;,&quot;shutter_speed&quot;:&quot;0&quot;,&quot;title&quot;:&quot;&quot;,&quot;orientation&quot;:&quot;0&quot;}\" data-image-title=\"Schoko-Hochzeitstorte-1\" data-image-description=\"\" data-image-caption=\"\" data-large-file=\"https:\/\/i0.wp.com\/jennyisbaking.com\/wp-1c174-content\/uploads\/2023\/09\/Schoko-Hochzeitstorte-1.jpg?fit=534%2C801&amp;ssl=1\" \/><\/a>\r\n\t\t\t\t\t\t\t\t\t<\/div>\r\n\t\t\t\t\t\t\t\t\r\n\t\t\t\t<div class=\"post-header\">\r\n\t\t\t\t\t\r\n\t\t\t\t\t\t\t\t\t\t\r\n\t\t\t\t\t\t\t\t\t\t<h2><a href=\"https:\/\/jennyisbaking.com\/de\/2023\/10\/03\/kleine-dreistockige-schoko-hochzeitstorte\/\">Kleine dreist\u00f6ckige Schokoladen-Hochzeitstorte (Herbst-Hochzeit)<\/a><\/h2>\r\n\t\t\t\t\t\t\t\t\t\t\r\n\t\t\t\t<\/div>\r\n\t\t\t\t\r\n\t\t\t\t\t\t\t\t<span class=\"date\">03\/10\/2023<\/span>\r\n\t\t\t\t\t\t\t\t\r\n\t\t\t<\/article>\r\n\t\t\t<\/li>\r\n\t\t\r\n\t\t\t\t\r\n\t\t<\/ul>\r\n\t\t\r\n\t\t\t\t\r\n\t\t\t\r\n\t<\/p>","protected":false},"excerpt":{"rendered":"","protected":false},"author":1,"featured_media":12471,"parent":0,"menu_order":0,"comment_status":"closed","ping_status":"closed","template":"","meta":{"jetpack_post_was_ever_published":false,"footnotes":""},"class_list":["post-15003","page","type-page","status-publish","has-post-thumbnail","hentry"],"yoast_head":"<!-- This site is optimized with the Yoast SEO plugin v27.4 - https:\/\/yoast.com\/product\/yoast-seo-wordpress\/ -->\n<title>Hochzeitstorten - Jenny is baking<\/title>\n<meta name=\"robots\" content=\"index, follow, max-snippet:-1, max-image-preview:large, max-video-preview:-1\" \/>\n<link rel=\"canonical\" href=\"https:\/\/jennyisbaking.com\/de\/wedding-cakes\/\" \/>\n<meta property=\"og:locale\" content=\"de_DE\" \/>\n<meta property=\"og:type\" content=\"article\" \/>\n<meta property=\"og:title\" content=\"Hochzeitstorten - Jenny is baking\" \/>\n<meta property=\"og:url\" content=\"https:\/\/jennyisbaking.com\/de\/wedding-cakes\/\" \/>\n<meta property=\"og:site_name\" content=\"Jenny is baking\" \/>\n<meta property=\"article:publisher\" content=\"https:\/\/www.facebook.com\/jennyisbaking\/\" \/>\n<meta property=\"article:modified_time\" content=\"2023-08-14T12:50:38+00:00\" \/>\n<meta property=\"og:image\" content=\"https:\/\/jennyisbaking.com\/wp-1c174-content\/uploads\/2021\/10\/DSC03893.jpg\" \/>\n\t<meta property=\"og:image:width\" content=\"534\" \/>\n\t<meta property=\"og:image:height\" content=\"800\" \/>\n\t<meta property=\"og:image:type\" content=\"image\/jpeg\" \/>\n<meta name=\"twitter:card\" content=\"summary_large_image\" \/>\n<meta name=\"twitter:label1\" content=\"Gesch\u00e4tzte Lesezeit\" \/>\n\t<meta name=\"twitter:data1\" content=\"1\u00a0Minute\" \/>\n<script type=\"application\/ld+json\" class=\"yoast-schema-graph\">{\"@context\":\"https:\\\/\\\/schema.org\",\"@graph\":[{\"@type\":\"WebPage\",\"@id\":\"https:\\\/\\\/jennyisbaking.com\\\/de\\\/wedding-cakes\\\/\",\"url\":\"https:\\\/\\\/jennyisbaking.com\\\/de\\\/wedding-cakes\\\/\",\"name\":\"Hochzeitstorten - Jenny is baking\",\"isPartOf\":{\"@id\":\"https:\\\/\\\/jennyisbaking.com\\\/de\\\/#website\"},\"primaryImageOfPage\":{\"@id\":\"https:\\\/\\\/jennyisbaking.com\\\/de\\\/wedding-cakes\\\/#primaryimage\"},\"image\":{\"@id\":\"https:\\\/\\\/jennyisbaking.com\\\/wedding-cakes\\\/#primaryimage\"},\"thumbnailUrl\":\"https:\\\/\\\/i0.wp.com\\\/jennyisbaking.com\\\/wp-1c174-content\\\/uploads\\\/2021\\\/10\\\/DSC03893.jpg?fit=534%2C800&ssl=1\",\"datePublished\":\"2023-08-14T12:44:16+00:00\",\"dateModified\":\"2023-08-14T12:50:38+00:00\",\"breadcrumb\":{\"@id\":\"https:\\\/\\\/jennyisbaking.com\\\/de\\\/wedding-cakes\\\/#breadcrumb\"},\"inLanguage\":\"de\",\"potentialAction\":[{\"@type\":\"ReadAction\",\"target\":[[\"https:\\\/\\\/jennyisbaking.com\\\/de\\\/wedding-cakes\\\/\"]]}]},{\"@type\":\"ImageObject\",\"inLanguage\":\"de\",\"@id\":\"https:\\\/\\\/jennyisbaking.com\\\/de\\\/wedding-cakes\\\/#primaryimage\",\"url\":\"https:\\\/\\\/i0.wp.com\\\/jennyisbaking.com\\\/wp-1c174-content\\\/uploads\\\/2021\\\/10\\\/DSC03893.jpg?fit=534%2C800&ssl=1\",\"contentUrl\":\"https:\\\/\\\/i0.wp.com\\\/jennyisbaking.com\\\/wp-1c174-content\\\/uploads\\\/2021\\\/10\\\/DSC03893.jpg?fit=534%2C800&ssl=1\",\"width\":534,\"height\":800,\"caption\":\"Dreist\u00f6ckige Hochzeitstorte mit Schoko-Drip\"},{\"@type\":\"BreadcrumbList\",\"@id\":\"https:\\\/\\\/jennyisbaking.com\\\/de\\\/wedding-cakes\\\/#breadcrumb\",\"itemListElement\":[{\"@type\":\"ListItem\",\"position\":1,\"name\":\"Startseite\",\"item\":\"https:\\\/\\\/jennyisbaking.com\\\/de\\\/\"},{\"@type\":\"ListItem\",\"position\":2,\"name\":\"Hochzeitstorten\"}]},{\"@type\":\"WebSite\",\"@id\":\"https:\\\/\\\/jennyisbaking.com\\\/de\\\/#website\",\"url\":\"https:\\\/\\\/jennyisbaking.com\\\/de\\\/\",\"name\":\"Jenny is baking\",\"description\":\"Backrezepte aus Nord- und S\u00fcdamerika\",\"potentialAction\":[{\"@type\":\"SearchAction\",\"target\":{\"@type\":\"EntryPoint\",\"urlTemplate\":\"https:\\\/\\\/jennyisbaking.com\\\/de\\\/?s={search_term_string}\"},\"query-input\":{\"@type\":\"PropertyValueSpecification\",\"valueRequired\":true,\"valueName\":\"search_term_string\"}}],\"inLanguage\":\"de\"}]}<\/script>\n<!-- \/ Yoast SEO plugin. -->","yoast_head_json":{"title":"Hochzeitstorten - Jenny is baking","robots":{"index":"index","follow":"follow","max-snippet":"max-snippet:-1","max-image-preview":"max-image-preview:large","max-video-preview":"max-video-preview:-1"},"canonical":"https:\/\/jennyisbaking.com\/de\/wedding-cakes\/","og_locale":"de_DE","og_type":"article","og_title":"Hochzeitstorten - Jenny is baking","og_url":"https:\/\/jennyisbaking.com\/de\/wedding-cakes\/","og_site_name":"Jenny is baking","article_publisher":"https:\/\/www.facebook.com\/jennyisbaking\/","article_modified_time":"2023-08-14T12:50:38+00:00","og_image":[{"width":534,"height":800,"url":"https:\/\/jennyisbaking.com\/wp-1c174-content\/uploads\/2021\/10\/DSC03893.jpg","type":"image\/jpeg"}],"twitter_card":"summary_large_image","twitter_misc":{"Gesch\u00e4tzte Lesezeit":"1\u00a0Minute"},"schema":{"@context":"https:\/\/schema.org","@graph":[{"@type":"WebPage","@id":"https:\/\/jennyisbaking.com\/de\/wedding-cakes\/","url":"https:\/\/jennyisbaking.com\/de\/wedding-cakes\/","name":"Hochzeitstorten - Jenny is baking","isPartOf":{"@id":"https:\/\/jennyisbaking.com\/de\/#website"},"primaryImageOfPage":{"@id":"https:\/\/jennyisbaking.com\/de\/wedding-cakes\/#primaryimage"},"image":{"@id":"https:\/\/jennyisbaking.com\/wedding-cakes\/#primaryimage"},"thumbnailUrl":"https:\/\/i0.wp.com\/jennyisbaking.com\/wp-1c174-content\/uploads\/2021\/10\/DSC03893.jpg?fit=534%2C800&ssl=1","datePublished":"2023-08-14T12:44:16+00:00","dateModified":"2023-08-14T12:50:38+00:00","breadcrumb":{"@id":"https:\/\/jennyisbaking.com\/de\/wedding-cakes\/#breadcrumb"},"inLanguage":"de","potentialAction":[{"@type":"ReadAction","target":[["https:\/\/jennyisbaking.com\/de\/wedding-cakes\/"]]}]},{"@type":"ImageObject","inLanguage":"de","@id":"https:\/\/jennyisbaking.com\/de\/wedding-cakes\/#primaryimage","url":"https:\/\/i0.wp.com\/jennyisbaking.com\/wp-1c174-content\/uploads\/2021\/10\/DSC03893.jpg?fit=534%2C800&ssl=1","contentUrl":"https:\/\/i0.wp.com\/jennyisbaking.com\/wp-1c174-content\/uploads\/2021\/10\/DSC03893.jpg?fit=534%2C800&ssl=1","width":534,"height":800,"caption":"Dreist\u00f6ckige Hochzeitstorte mit Schoko-Drip"},{"@type":"BreadcrumbList","@id":"https:\/\/jennyisbaking.com\/de\/wedding-cakes\/#breadcrumb","itemListElement":[{"@type":"ListItem","position":1,"name":"Startseite","item":"https:\/\/jennyisbaking.com\/de\/"},{"@type":"ListItem","position":2,"name":"Hochzeitstorten"}]},{"@type":"WebSite","@id":"https:\/\/jennyisbaking.com\/de\/#website","url":"https:\/\/jennyisbaking.com\/de\/","name":"Jenny is baking","description":"Backrezepte aus Nord- und S\u00fcdamerika","potentialAction":[{"@type":"SearchAction","target":{"@type":"EntryPoint","urlTemplate":"https:\/\/jennyisbaking.com\/de\/?s={search_term_string}"},"query-input":{"@type":"PropertyValueSpecification","valueRequired":true,"valueName":"search_term_string"}}],"inLanguage":"de"}]}},"jetpack_sharing_enabled":true,"jetpack_shortlink":"https:\/\/wp.me\/P8MAhl-3TZ","jetpack-related-posts":[{"id":6709,"url":"https:\/\/jennyisbaking.com\/de\/recipe-index\/by-category\/","url_meta":{"origin":15003,"position":0},"title":"Nach Kategorie","author":"Jenny","date":"Sonntag, der 19. August 2018","format":false,"excerpt":"","rel":"","context":"\u00c4hnlicher Beitrag","block_context":{"text":"\u00c4hnlicher Beitrag","link":""},"img":{"alt_text":"","src":"","width":0,"height":0},"classes":[]},{"id":64,"url":"https:\/\/jennyisbaking.com\/de\/recipe-index\/","url_meta":{"origin":15003,"position":1},"title":"Alle Rezepte","author":"Jenny","date":"Samstag, der 11. Februar 2017","format":false,"excerpt":"Merken","rel":"","context":"\u00c4hnlicher Beitrag","block_context":{"text":"\u00c4hnlicher Beitrag","link":""},"img":{"alt_text":"","src":"https:\/\/i0.wp.com\/jennyisbaking.com\/wp-1c174-content\/uploads\/2018\/05\/DSC09200.jpg?fit=801%2C534&ssl=1&resize=350%2C200","width":350,"height":200,"srcset":"https:\/\/i0.wp.com\/jennyisbaking.com\/wp-1c174-content\/uploads\/2018\/05\/DSC09200.jpg?fit=801%2C534&ssl=1&resize=350%2C200 1x, https:\/\/i0.wp.com\/jennyisbaking.com\/wp-1c174-content\/uploads\/2018\/05\/DSC09200.jpg?fit=801%2C534&ssl=1&resize=525%2C300 1.5x, https:\/\/i0.wp.com\/jennyisbaking.com\/wp-1c174-content\/uploads\/2018\/05\/DSC09200.jpg?fit=801%2C534&ssl=1&resize=700%2C400 2x"},"classes":[]},{"id":6711,"url":"https:\/\/jennyisbaking.com\/de\/recipe-index\/by-season\/","url_meta":{"origin":15003,"position":2},"title":"Nach Jahreszeit","author":"Jenny","date":"Sonntag, der 19. August 2018","format":false,"excerpt":"","rel":"","context":"\u00c4hnlicher Beitrag","block_context":{"text":"\u00c4hnlicher Beitrag","link":""},"img":{"alt_text":"","src":"","width":0,"height":0},"classes":[]},{"id":6722,"url":"https:\/\/jennyisbaking.com\/de\/recipe-index\/occasion\/","url_meta":{"origin":15003,"position":3},"title":"Nach Anlass","author":"Jenny","date":"Sonntag, der 19. August 2018","format":false,"excerpt":"","rel":"","context":"\u00c4hnlicher Beitrag","block_context":{"text":"\u00c4hnlicher Beitrag","link":""},"img":{"alt_text":"","src":"","width":0,"height":0},"classes":[]},{"id":6717,"url":"https:\/\/jennyisbaking.com\/de\/recipe-index\/by-country\/","url_meta":{"origin":15003,"position":4},"title":"Nach L\u00e4ndern","author":"Jenny","date":"Sonntag, der 19. August 2018","format":false,"excerpt":"","rel":"","context":"\u00c4hnlicher Beitrag","block_context":{"text":"\u00c4hnlicher Beitrag","link":""},"img":{"alt_text":"","src":"","width":0,"height":0},"classes":[]},{"id":7208,"url":"https:\/\/jennyisbaking.com\/de\/lets-have-a-coffee\/","url_meta":{"origin":15003,"position":5},"title":"Auf einen Kaffee","author":"Jenny","date":"Donnerstag, der 11. Oktober 2018","format":false,"excerpt":"","rel":"","context":"\u00c4hnlicher Beitrag","block_context":{"text":"\u00c4hnlicher Beitrag","link":""},"img":{"alt_text":"","src":"","width":0,"height":0},"classes":[]}],"_links":{"self":[{"href":"https:\/\/jennyisbaking.com\/de\/wp-json\/wp\/v2\/pages\/15003","targetHints":{"allow":["GET"]}}],"collection":[{"href":"https:\/\/jennyisbaking.com\/de\/wp-json\/wp\/v2\/pages"}],"about":[{"href":"https:\/\/jennyisbaking.com\/de\/wp-json\/wp\/v2\/types\/page"}],"author":[{"embeddable":true,"href":"https:\/\/jennyisbaking.com\/de\/wp-json\/wp\/v2\/users\/1"}],"replies":[{"embeddable":true,"href":"https:\/\/jennyisbaking.com\/de\/wp-json\/wp\/v2\/comments?post=15003"}],"version-history":[{"count":3,"href":"https:\/\/jennyisbaking.com\/de\/wp-json\/wp\/v2\/pages\/15003\/revisions"}],"predecessor-version":[{"id":15008,"href":"https:\/\/jennyisbaking.com\/de\/wp-json\/wp\/v2\/pages\/15003\/revisions\/15008"}],"wp:featuredmedia":[{"embeddable":true,"href":"https:\/\/jennyisbaking.com\/de\/wp-json\/wp\/v2\/media\/12471"}],"wp:attachment":[{"href":"https:\/\/jennyisbaking.com\/de\/wp-json\/wp\/v2\/media?parent=15003"}],"curies":[{"name":"wp","href":"https:\/\/api.w.org\/{rel}","templated":true}]}}