{"id":47,"date":"2017-02-11T16:06:53","date_gmt":"2017-02-11T15:06:53","guid":{"rendered":"http:\/\/jennyisbaking.com\/?page_id=47"},"modified":"2025-04-03T11:34:13","modified_gmt":"2025-04-03T09:34:13","slug":"faq","status":"publish","type":"page","link":"https:\/\/jennyisbaking.com\/de\/about\/faq\/","title":{"rendered":"FAQ"},"content":{"rendered":"<p><\/p>\n<h2><strong>Wer isst die ganzen Cookies, Torten usw?<\/strong><\/h2>\n<p>Keine Sorge, mein Mann und ich essen nicht alles alleine auf. Ja, ich probiere von allen Sachen selbst. Oft ist es ein kleines Probierst\u00fcck, aber ich w\u00fcrde niemals etwas ver\u00f6ffentlichen ohne es probiert zu haben. Daf\u00fcr ist mir der Geschmack viel zu wichtig. Au\u00dferdem muss ich beschreiben k\u00f6nnen wie etwas schmeckt. Mein Mann ist ein sehr freudiger Kuchen- und Cookiesabnehmer und auch mein st\u00e4rkster Kritiker. Am Montag brechen dann meist meine Kollegen in Freudenschreie aus, wenn ich die Reste gut verpackt mitbringe. Oder aber wir haben G\u00e4ste oder ich friere einen Teil ein. Cookies wegschmei\u00dfen? Ich bitte dich! Falls du es noch genauer wissen willst, habe ich <a href=\"https:\/\/jennyisbaking.com\/de\/2018\/10\/09\/lets-have-a-coffee\/\" target=\"_blank\" rel=\"noopener noreferrer\">hier diese Frage ziemlich ausf\u00fchrlich beantwortet<\/a>.<\/p>\n<h2><strong>Was ist deine Lieblingstorte?<\/strong><\/h2>\n<p>Das \u00e4ndert sich \u00f6fter, aber es wird mit ziemlicher Sicherheit Schokolade enthalten. Schau doch mal in meiner <a href=\"https:\/\/jennyisbaking.com\/de\/category\/everything-chocolate\/\" target=\"_blank\" rel=\"noopener\">Schoko-Kategorie<\/a> f\u00fcr mehr Inspiration. Hier abgebildet ist \u00fcbrigens einer meiner Lieblingskekse aus meinem Geburtsland Uruguay. Das Rezept f\u00fcr <a href=\"https:\/\/jennyisbaking.com\/de\/2018\/07\/02\/alfajores-the-best-cookies-from-uruguay\/\" target=\"_blank\" rel=\"noopener\">alfajores marplatenses<\/a> gibt es nat\u00fcrlich hier auf dem Blog. Ich sag nur Schoko und Karamell&#8230;<\/p>\n<h2><strong>Was b\u00e4ckst du am liebsten?<\/strong><\/h2>\n<p>Wenn ich gen\u00fcgend Zeit habe, mache ich gerne aufw\u00e4ndige Torten mit verschiedenen Komponenten. Diese <a href=\"https:\/\/jennyisbaking.com\/de\/2025\/02\/14\/zitronen-heidelbeer-torte\/\" target=\"_blank\" rel=\"noopener\">Heidelbeer-Zitronen-Torte<\/a>, bei der ich au\u00dfen Zitronen aufgemalt habe, war ein wundervolles Projekt.<\/p>\n<h2><strong>Was ist das popul\u00e4rste Rezept deines Blogs?<\/strong><\/h2>\n<p>Das sind diese <a href=\"https:\/\/jennyisbaking.com\/de\/2018\/11\/27\/chocolate-brownie-cookies-for-gloomy-november-days\/\" target=\"_blank\" rel=\"noopener\">Brownie-Cookies<\/a> (mehr als eine halbe Million Mal aufgerufen), gefolgt von dieser <a href=\"https:\/\/jennyisbaking.com\/de\/2020\/01\/24\/moist-raspberry-chocolate-cake\/\" target=\"_blank\" rel=\"noopener\">Himbeer-Schoko-Torte<\/a> (mehr als 220.000 Aufrufe). Als Chocoholic finde ich es nat\u00fcrlich besonders toll, dass die zwei beliebtesten Rezepte Schokolade enthalten.<\/p>\n<h2><strong>Bist du professionell im Backbereich ausgebildet?<\/strong><\/h2>\n<p>Nein, bin ich nicht, ich bin Hobbyb\u00e4ckerin. Aber nachdem mich eine Freundin gebeten hat ihre <a href=\"https:\/\/jennyisbaking.com\/de\/2021\/10\/22\/rezepte-fuer-eine-fruchtig-frische-dreistoeckige-hochzeitstorte\/\" target=\"_blank\" rel=\"noopener\">Hochzeitstorte f\u00fcr mehr als 100 G\u00e4ste<\/a> zu backen, habe ich ge\u00fcbt, ge\u00fcbt, ge\u00fcbt. Wie bei allem, \u00dcbung macht den Meister und ich bin \u00fcberzeugt, dass jeder backen lernen kann.<\/p>\n<h2><strong>Warum bloggst du auf Deutsch und Englisch?<\/strong><\/h2>\n<p>Deutsch ist meine Muttersprache, deshalb also deutsch. Englisch insbesondere, weil viele meiner internationalen Freunde nicht der deutschen Sprache m\u00e4chtig sind. Der Hauptgrund, warum ich diesen Blog gestartet habe, war, weil genau diese Leute mich immer wieder gebeten haben meine Rezepte mit ihnen zu teilen. Ein englischer Blog l\u00f6st meiner Meinung nach das Problem elegant.<\/p>\n<h2><strong>Warum benutzt du Grammangaben?<\/strong><\/h2>\n<p>OK, diese Frage kommt meist von meinen amerikanischen Freunden, aber trotzdem: weil abwiegen nun mal genauer ist, als wenn man mit Tassen und Co. versucht ein Rezept gelingsicher zu machen. Und weil man weniger abzuwaschen hat.<\/p>\n<h2><strong>Welche Kamera benutzt du?<\/strong><\/h2>\n<p>Seit 2019 bin ich stolze Besitzerin einer Sony Alpha 7 (vorher auch schon Sony, aber noch nicht Vollformat) und schie\u00dfe am liebsten mit dem 50er Objektiv, das ich allen Anf\u00e4ngern empfehle. Alle Bilder sind manuell geschossen, da muss ich noch ganz viel \u00fcben, aber es macht mir ganz viel Spa\u00df und ich lerne immer ein wenig mehr dazu. Ich habe <a href=\"http:\/\/jennyisbaking.com\/de\/2018\/04\/12\/10-beginners-tips-for-food-photography\/\" target=\"_blank\" rel=\"noopener noreferrer\">hier 10 Tipps f\u00fcr Anf\u00e4nger der Food-Fotografie<\/a> zusammengetragen. Falls du \u00fcberlegst dir eine Kamera zu besorgen, investiere einen gro\u00dfen Teil in ein lichtstarkes Objektiv.<\/p>\n<h2><strong>Akzeptierst du Gastbeitr\u00e4ge oder gesponsorte Beitr\u00e4ge?<\/strong><\/h2>\n<p>Nein, dieser Blog ist mein Hobby, ich verdiene kein Geld damit, ich bezahle niemanden daf\u00fcr einen Beitrag zu schreiben.<\/p>","protected":false},"excerpt":{"rendered":"<p>Wer isst die ganzen Cookies, Torten usw? Keine Sorge, mein Mann und ich essen nicht alles alleine auf. Ja, ich probiere von allen Sachen selbst. Oft ist es ein kleines Probierst\u00fcck, aber ich w\u00fcrde niemals etwas ver\u00f6ffentlichen ohne es probiert zu haben. Daf\u00fcr ist mir der Geschmack viel zu wichtig. Au\u00dferdem muss ich beschreiben k\u00f6nnen wie etwas schmeckt. Mein Mann ist ein sehr freudiger Kuchen- und Cookiesabnehmer und auch mein st\u00e4rkster Kritiker. Am Montag brechen dann meist meine Kollegen in Freudenschreie aus, wenn ich die Reste gut verpackt mitbringe. Oder aber wir haben G\u00e4ste oder ich friere einen Teil ein. Cookies wegschmei\u00dfen? Ich bitte dich! Falls du es noch genauer wissen willst, habe ich hier diese Frage ziemlich ausf\u00fchrlich beantwortet. Was ist deine Lieblingstorte? Das \u00e4ndert sich \u00f6fter, aber es wird mit ziemlicher Sicherheit Schokolade enthalten. Schau doch mal in meiner Schoko-Kategorie f\u00fcr mehr Inspiration. Hier abgebildet ist \u00fcbrigens einer meiner Lieblingskekse aus meinem Geburtsland Uruguay. Das Rezept f\u00fcr alfajores marplatenses gibt es nat\u00fcrlich hier auf dem Blog. Ich sag nur Schoko und Karamell&#8230; Was b\u00e4ckst du am liebsten? Wenn ich gen\u00fcgend Zeit habe, mache ich gerne aufw\u00e4ndige Torten mit verschiedenen Komponenten. Diese Heidelbeer-Zitronen-Torte, bei der ich au\u00dfen Zitronen aufgemalt [&hellip;]<\/p>\n","protected":false},"author":1,"featured_media":16047,"parent":6,"menu_order":0,"comment_status":"closed","ping_status":"closed","template":"","meta":{"footnotes":""},"class_list":["post-47","page","type-page","status-publish","has-post-thumbnail","hentry"],"yoast_head":"<!-- This site is optimized with the Yoast SEO plugin v27.5 - https:\/\/yoast.com\/product\/yoast-seo-wordpress\/ -->\n<title>FAQ - Jenny is baking<\/title>\n<meta name=\"robots\" content=\"index, follow, max-snippet:-1, max-image-preview:large, max-video-preview:-1\" \/>\n<link rel=\"canonical\" href=\"https:\/\/jennyisbaking.com\/de\/about\/faq\/\" \/>\n<meta property=\"og:locale\" content=\"de_DE\" \/>\n<meta property=\"og:type\" content=\"article\" \/>\n<meta property=\"og:title\" content=\"FAQ - Jenny is baking\" \/>\n<meta property=\"og:description\" content=\"Wer isst die ganzen Cookies, Torten usw? Keine Sorge, mein Mann und ich essen nicht alles alleine auf. Ja, ich probiere von allen Sachen selbst. Oft ist es ein kleines Probierst\u00fcck, aber ich w\u00fcrde niemals etwas ver\u00f6ffentlichen ohne es probiert zu haben. Daf\u00fcr ist mir der Geschmack viel zu wichtig. Au\u00dferdem muss ich beschreiben k\u00f6nnen wie etwas schmeckt. Mein Mann ist ein sehr freudiger Kuchen- und Cookiesabnehmer und auch mein st\u00e4rkster Kritiker. Am Montag brechen dann meist meine Kollegen in Freudenschreie aus, wenn ich die Reste gut verpackt mitbringe. Oder aber wir haben G\u00e4ste oder ich friere einen Teil ein. Cookies wegschmei\u00dfen? Ich bitte dich! Falls du es noch genauer wissen willst, habe ich hier diese Frage ziemlich ausf\u00fchrlich beantwortet. Was ist deine Lieblingstorte? Das \u00e4ndert sich \u00f6fter, aber es wird mit ziemlicher Sicherheit Schokolade enthalten. Schau doch mal in meiner Schoko-Kategorie f\u00fcr mehr Inspiration. Hier abgebildet ist \u00fcbrigens einer meiner Lieblingskekse aus meinem Geburtsland Uruguay. Das Rezept f\u00fcr alfajores marplatenses gibt es nat\u00fcrlich hier auf dem Blog. Ich sag nur Schoko und Karamell&#8230; Was b\u00e4ckst du am liebsten? Wenn ich gen\u00fcgend Zeit habe, mache ich gerne aufw\u00e4ndige Torten mit verschiedenen Komponenten. Diese Heidelbeer-Zitronen-Torte, bei der ich au\u00dfen Zitronen aufgemalt [&hellip;]\" \/>\n<meta property=\"og:url\" content=\"https:\/\/jennyisbaking.com\/de\/about\/faq\/\" \/>\n<meta property=\"og:site_name\" content=\"Jenny is baking\" \/>\n<meta property=\"article:publisher\" content=\"https:\/\/www.facebook.com\/jennyisbaking\/\" \/>\n<meta property=\"article:modified_time\" content=\"2025-04-03T09:34:13+00:00\" \/>\n<meta property=\"og:image\" content=\"https:\/\/jennyisbaking.com\/wp-1c174-content\/uploads\/2018\/07\/Alfajor-marplatense-1.jpg\" \/>\n\t<meta property=\"og:image:width\" content=\"534\" \/>\n\t<meta property=\"og:image:height\" content=\"801\" \/>\n\t<meta property=\"og:image:type\" content=\"image\/jpeg\" \/>\n<meta name=\"twitter:card\" content=\"summary_large_image\" \/>\n<meta name=\"twitter:label1\" content=\"Gesch\u00e4tzte Lesezeit\" \/>\n\t<meta name=\"twitter:data1\" content=\"3\u00a0Minuten\" \/>\n<script type=\"application\/ld+json\" class=\"yoast-schema-graph\">{\"@context\":\"https:\\\/\\\/schema.org\",\"@graph\":[{\"@type\":\"WebPage\",\"@id\":\"https:\\\/\\\/jennyisbaking.com\\\/de\\\/about\\\/faq\\\/\",\"url\":\"https:\\\/\\\/jennyisbaking.com\\\/de\\\/about\\\/faq\\\/\",\"name\":\"FAQ - Jenny is baking\",\"isPartOf\":{\"@id\":\"https:\\\/\\\/jennyisbaking.com\\\/de\\\/#website\"},\"primaryImageOfPage\":{\"@id\":\"https:\\\/\\\/jennyisbaking.com\\\/de\\\/about\\\/faq\\\/#primaryimage\"},\"image\":{\"@id\":\"https:\\\/\\\/jennyisbaking.com\\\/about\\\/faq\\\/#primaryimage\"},\"thumbnailUrl\":\"https:\\\/\\\/i0.wp.com\\\/jennyisbaking.com\\\/wp-1c174-content\\\/uploads\\\/2018\\\/07\\\/Alfajor-marplatense-1.jpg?fit=534%2C801&ssl=1\",\"datePublished\":\"2017-02-11T15:06:53+00:00\",\"dateModified\":\"2025-04-03T09:34:13+00:00\",\"breadcrumb\":{\"@id\":\"https:\\\/\\\/jennyisbaking.com\\\/de\\\/about\\\/faq\\\/#breadcrumb\"},\"inLanguage\":\"de\",\"potentialAction\":[{\"@type\":\"ReadAction\",\"target\":[[\"https:\\\/\\\/jennyisbaking.com\\\/de\\\/about\\\/faq\\\/\"]]}]},{\"@type\":\"ImageObject\",\"inLanguage\":\"de\",\"@id\":\"https:\\\/\\\/jennyisbaking.com\\\/de\\\/about\\\/faq\\\/#primaryimage\",\"url\":\"https:\\\/\\\/i0.wp.com\\\/jennyisbaking.com\\\/wp-1c174-content\\\/uploads\\\/2018\\\/07\\\/Alfajor-marplatense-1.jpg?fit=534%2C801&ssl=1\",\"contentUrl\":\"https:\\\/\\\/i0.wp.com\\\/jennyisbaking.com\\\/wp-1c174-content\\\/uploads\\\/2018\\\/07\\\/Alfajor-marplatense-1.jpg?fit=534%2C801&ssl=1\",\"width\":534,\"height\":801},{\"@type\":\"BreadcrumbList\",\"@id\":\"https:\\\/\\\/jennyisbaking.com\\\/de\\\/about\\\/faq\\\/#breadcrumb\",\"itemListElement\":[{\"@type\":\"ListItem\",\"position\":1,\"name\":\"Startseite\",\"item\":\"https:\\\/\\\/jennyisbaking.com\\\/de\\\/\"},{\"@type\":\"ListItem\",\"position\":2,\"name\":\"About me\",\"item\":\"https:\\\/\\\/jennyisbaking.com\\\/de\\\/about\\\/\"},{\"@type\":\"ListItem\",\"position\":3,\"name\":\"FAQ\"}]},{\"@type\":\"WebSite\",\"@id\":\"https:\\\/\\\/jennyisbaking.com\\\/de\\\/#website\",\"url\":\"https:\\\/\\\/jennyisbaking.com\\\/de\\\/\",\"name\":\"Jenny is baking\",\"description\":\"Backrezepte aus Nord- und S\u00fcdamerika\",\"potentialAction\":[{\"@type\":\"SearchAction\",\"target\":{\"@type\":\"EntryPoint\",\"urlTemplate\":\"https:\\\/\\\/jennyisbaking.com\\\/de\\\/?s={search_term_string}\"},\"query-input\":{\"@type\":\"PropertyValueSpecification\",\"valueRequired\":true,\"valueName\":\"search_term_string\"}}],\"inLanguage\":\"de\"}]}<\/script>\n<!-- \/ Yoast SEO plugin. -->","yoast_head_json":{"title":"FAQ - Jenny is baking","robots":{"index":"index","follow":"follow","max-snippet":"max-snippet:-1","max-image-preview":"max-image-preview:large","max-video-preview":"max-video-preview:-1"},"canonical":"https:\/\/jennyisbaking.com\/de\/about\/faq\/","og_locale":"de_DE","og_type":"article","og_title":"FAQ - Jenny is baking","og_description":"Wer isst die ganzen Cookies, Torten usw? Keine Sorge, mein Mann und ich essen nicht alles alleine auf. Ja, ich probiere von allen Sachen selbst. Oft ist es ein kleines Probierst\u00fcck, aber ich w\u00fcrde niemals etwas ver\u00f6ffentlichen ohne es probiert zu haben. Daf\u00fcr ist mir der Geschmack viel zu wichtig. Au\u00dferdem muss ich beschreiben k\u00f6nnen wie etwas schmeckt. Mein Mann ist ein sehr freudiger Kuchen- und Cookiesabnehmer und auch mein st\u00e4rkster Kritiker. Am Montag brechen dann meist meine Kollegen in Freudenschreie aus, wenn ich die Reste gut verpackt mitbringe. Oder aber wir haben G\u00e4ste oder ich friere einen Teil ein. Cookies wegschmei\u00dfen? Ich bitte dich! Falls du es noch genauer wissen willst, habe ich hier diese Frage ziemlich ausf\u00fchrlich beantwortet. Was ist deine Lieblingstorte? Das \u00e4ndert sich \u00f6fter, aber es wird mit ziemlicher Sicherheit Schokolade enthalten. Schau doch mal in meiner Schoko-Kategorie f\u00fcr mehr Inspiration. Hier abgebildet ist \u00fcbrigens einer meiner Lieblingskekse aus meinem Geburtsland Uruguay. Das Rezept f\u00fcr alfajores marplatenses gibt es nat\u00fcrlich hier auf dem Blog. Ich sag nur Schoko und Karamell&#8230; Was b\u00e4ckst du am liebsten? Wenn ich gen\u00fcgend Zeit habe, mache ich gerne aufw\u00e4ndige Torten mit verschiedenen Komponenten. Diese Heidelbeer-Zitronen-Torte, bei der ich au\u00dfen Zitronen aufgemalt [&hellip;]","og_url":"https:\/\/jennyisbaking.com\/de\/about\/faq\/","og_site_name":"Jenny is baking","article_publisher":"https:\/\/www.facebook.com\/jennyisbaking\/","article_modified_time":"2025-04-03T09:34:13+00:00","og_image":[{"width":534,"height":801,"url":"https:\/\/jennyisbaking.com\/wp-1c174-content\/uploads\/2018\/07\/Alfajor-marplatense-1.jpg","type":"image\/jpeg"}],"twitter_card":"summary_large_image","twitter_misc":{"Gesch\u00e4tzte Lesezeit":"3\u00a0Minuten"},"schema":{"@context":"https:\/\/schema.org","@graph":[{"@type":"WebPage","@id":"https:\/\/jennyisbaking.com\/de\/about\/faq\/","url":"https:\/\/jennyisbaking.com\/de\/about\/faq\/","name":"FAQ - Jenny is baking","isPartOf":{"@id":"https:\/\/jennyisbaking.com\/de\/#website"},"primaryImageOfPage":{"@id":"https:\/\/jennyisbaking.com\/de\/about\/faq\/#primaryimage"},"image":{"@id":"https:\/\/jennyisbaking.com\/about\/faq\/#primaryimage"},"thumbnailUrl":"https:\/\/i0.wp.com\/jennyisbaking.com\/wp-1c174-content\/uploads\/2018\/07\/Alfajor-marplatense-1.jpg?fit=534%2C801&ssl=1","datePublished":"2017-02-11T15:06:53+00:00","dateModified":"2025-04-03T09:34:13+00:00","breadcrumb":{"@id":"https:\/\/jennyisbaking.com\/de\/about\/faq\/#breadcrumb"},"inLanguage":"de","potentialAction":[{"@type":"ReadAction","target":[["https:\/\/jennyisbaking.com\/de\/about\/faq\/"]]}]},{"@type":"ImageObject","inLanguage":"de","@id":"https:\/\/jennyisbaking.com\/de\/about\/faq\/#primaryimage","url":"https:\/\/i0.wp.com\/jennyisbaking.com\/wp-1c174-content\/uploads\/2018\/07\/Alfajor-marplatense-1.jpg?fit=534%2C801&ssl=1","contentUrl":"https:\/\/i0.wp.com\/jennyisbaking.com\/wp-1c174-content\/uploads\/2018\/07\/Alfajor-marplatense-1.jpg?fit=534%2C801&ssl=1","width":534,"height":801},{"@type":"BreadcrumbList","@id":"https:\/\/jennyisbaking.com\/de\/about\/faq\/#breadcrumb","itemListElement":[{"@type":"ListItem","position":1,"name":"Startseite","item":"https:\/\/jennyisbaking.com\/de\/"},{"@type":"ListItem","position":2,"name":"About me","item":"https:\/\/jennyisbaking.com\/de\/about\/"},{"@type":"ListItem","position":3,"name":"FAQ"}]},{"@type":"WebSite","@id":"https:\/\/jennyisbaking.com\/de\/#website","url":"https:\/\/jennyisbaking.com\/de\/","name":"Jenny is baking","description":"Backrezepte aus Nord- und S\u00fcdamerika","potentialAction":[{"@type":"SearchAction","target":{"@type":"EntryPoint","urlTemplate":"https:\/\/jennyisbaking.com\/de\/?s={search_term_string}"},"query-input":{"@type":"PropertyValueSpecification","valueRequired":true,"valueName":"search_term_string"}}],"inLanguage":"de"}]}},"jetpack_sharing_enabled":true,"jetpack_shortlink":"https:\/\/wp.me\/P8MAhl-L","jetpack-related-posts":[{"id":64,"url":"https:\/\/jennyisbaking.com\/de\/recipe-index\/","url_meta":{"origin":47,"position":0},"title":"Alle Rezepte","author":"Jenny","date":"Samstag, der 11. Februar 2017","format":false,"excerpt":"Merken","rel":"","context":"\u00c4hnlicher Beitrag","block_context":{"text":"\u00c4hnlicher Beitrag","link":""},"img":{"alt_text":"","src":"https:\/\/i0.wp.com\/jennyisbaking.com\/wp-1c174-content\/uploads\/2018\/05\/DSC09200.jpg?fit=801%2C534&ssl=1&resize=350%2C200","width":350,"height":200,"srcset":"https:\/\/i0.wp.com\/jennyisbaking.com\/wp-1c174-content\/uploads\/2018\/05\/DSC09200.jpg?fit=801%2C534&ssl=1&resize=350%2C200 1x, https:\/\/i0.wp.com\/jennyisbaking.com\/wp-1c174-content\/uploads\/2018\/05\/DSC09200.jpg?fit=801%2C534&ssl=1&resize=525%2C300 1.5x, https:\/\/i0.wp.com\/jennyisbaking.com\/wp-1c174-content\/uploads\/2018\/05\/DSC09200.jpg?fit=801%2C534&ssl=1&resize=700%2C400 2x"},"classes":[]},{"id":6709,"url":"https:\/\/jennyisbaking.com\/de\/recipe-index\/by-category\/","url_meta":{"origin":47,"position":1},"title":"Nach Kategorie","author":"Jenny","date":"Sonntag, der 19. August 2018","format":false,"excerpt":"","rel":"","context":"\u00c4hnlicher Beitrag","block_context":{"text":"\u00c4hnlicher Beitrag","link":""},"img":{"alt_text":"","src":"","width":0,"height":0},"classes":[]},{"id":6,"url":"https:\/\/jennyisbaking.com\/de\/about\/","url_meta":{"origin":47,"position":2},"title":"\u00dcber mich","author":"Jenny","date":"Samstag, der 11. Februar 2017","format":false,"excerpt":"Dies ist nur eine Kurzfassung der Seite\u00a0\u201e\u00dcber\u201c.","rel":"","context":"Mit 33 Kommentaren","block_context":{"text":"Mit 33 Kommentaren","link":"https:\/\/jennyisbaking.com\/de\/about\/#comments"},"img":{"alt_text":"","src":"https:\/\/i0.wp.com\/jennyisbaking.com\/wp-1c174-content\/uploads\/2025\/04\/Jenny.jpg?fit=534%2C801&ssl=1&resize=350%2C200","width":350,"height":200,"srcset":"https:\/\/i0.wp.com\/jennyisbaking.com\/wp-1c174-content\/uploads\/2025\/04\/Jenny.jpg?fit=534%2C801&ssl=1&resize=350%2C200 1x, https:\/\/i0.wp.com\/jennyisbaking.com\/wp-1c174-content\/uploads\/2025\/04\/Jenny.jpg?fit=534%2C801&ssl=1&resize=525%2C300 1.5x"},"classes":[]},{"id":7277,"url":"https:\/\/jennyisbaking.com\/de\/portfolio\/","url_meta":{"origin":47,"position":3},"title":"Portfolio","author":"Jenny","date":"Mittwoch, der 24. Oktober 2018","format":false,"excerpt":"\u00a0 \u00a0 \u00a0","rel":"","context":"\u00c4hnlicher Beitrag","block_context":{"text":"\u00c4hnlicher Beitrag","link":""},"img":{"alt_text":"Alfajores","src":"https:\/\/i0.wp.com\/jennyisbaking.com\/wp-1c174-content\/uploads\/2018\/06\/DSC00098.jpg?resize=350%2C200","width":350,"height":200,"srcset":"https:\/\/i0.wp.com\/jennyisbaking.com\/wp-1c174-content\/uploads\/2018\/06\/DSC00098.jpg?resize=350%2C200 1x, https:\/\/i0.wp.com\/jennyisbaking.com\/wp-1c174-content\/uploads\/2018\/06\/DSC00098.jpg?resize=525%2C300 1.5x"},"classes":[]},{"id":10228,"url":"https:\/\/jennyisbaking.com\/de\/about\/media-kit\/","url_meta":{"origin":47,"position":4},"title":"Media Kit","author":"Jenny","date":"Mittwoch, der  1. April 2020","format":false,"excerpt":"Jenny is baking ist ein zweisprachiger Backblog auf Deutsch und Englisch f\u00fcr den Hobbyb\u00e4cker. Die bisher mehr als 450 Rezepte reichen von einfachen Cookies bis hin zu anspruchsvolleren Torten mit Fokus auf Latein- und Nordamerika neben deutschen Klassikern. Motivtorten oder Fondant wird man hier jedoch vergeblich suchen. Auf dem Foto\u2026","rel":"","context":"\u00c4hnlicher Beitrag","block_context":{"text":"\u00c4hnlicher Beitrag","link":""},"img":{"alt_text":"","src":"https:\/\/i0.wp.com\/jennyisbaking.com\/wp-1c174-content\/uploads\/2018\/08\/Postre-chaja-1.jpg?fit=534%2C801&ssl=1&resize=350%2C200","width":350,"height":200,"srcset":"https:\/\/i0.wp.com\/jennyisbaking.com\/wp-1c174-content\/uploads\/2018\/08\/Postre-chaja-1.jpg?fit=534%2C801&ssl=1&resize=350%2C200 1x, https:\/\/i0.wp.com\/jennyisbaking.com\/wp-1c174-content\/uploads\/2018\/08\/Postre-chaja-1.jpg?fit=534%2C801&ssl=1&resize=525%2C300 1.5x"},"classes":[]},{"id":3068,"url":"https:\/\/jennyisbaking.com\/de\/contact\/imprint\/","url_meta":{"origin":47,"position":5},"title":"Impressum und Datenschutzerkl\u00e4rung","author":"Jenny","date":"Dienstag, der 23. Mai 2017","format":false,"excerpt":"Angaben gem\u00e4\u00df \u00a7 5 TMG: Jennifer Warkentin Welfenstr. 16a \/ 81541 M\u00fcnchen E-Mail: info at jennyisbaking punkt com Verantwortlich f\u00fcr den Inhalt nach \u00a7 55 Abs. 2 RStV: Jennifer Warkentin Welfenstr. 16a \/ 81541 M\u00fcnchen Haftungsausschluss (Disclaimer)Haftung f\u00fcr Inhalte Als Diensteanbieter sind wir gem\u00e4\u00df \u00a7 7 Abs.1 TMG f\u00fcr eigene\u2026","rel":"","context":"\u00c4hnlicher Beitrag","block_context":{"text":"\u00c4hnlicher Beitrag","link":""},"img":{"alt_text":"","src":"","width":0,"height":0},"classes":[]}],"_links":{"self":[{"href":"https:\/\/jennyisbaking.com\/de\/wp-json\/wp\/v2\/pages\/47","targetHints":{"allow":["GET"]}}],"collection":[{"href":"https:\/\/jennyisbaking.com\/de\/wp-json\/wp\/v2\/pages"}],"about":[{"href":"https:\/\/jennyisbaking.com\/de\/wp-json\/wp\/v2\/types\/page"}],"author":[{"embeddable":true,"href":"https:\/\/jennyisbaking.com\/de\/wp-json\/wp\/v2\/users\/1"}],"replies":[{"embeddable":true,"href":"https:\/\/jennyisbaking.com\/de\/wp-json\/wp\/v2\/comments?post=47"}],"version-history":[{"count":19,"href":"https:\/\/jennyisbaking.com\/de\/wp-json\/wp\/v2\/pages\/47\/revisions"}],"predecessor-version":[{"id":17964,"href":"https:\/\/jennyisbaking.com\/de\/wp-json\/wp\/v2\/pages\/47\/revisions\/17964"}],"up":[{"embeddable":true,"href":"https:\/\/jennyisbaking.com\/de\/wp-json\/wp\/v2\/pages\/6"}],"wp:featuredmedia":[{"embeddable":true,"href":"https:\/\/jennyisbaking.com\/de\/wp-json\/wp\/v2\/media\/16047"}],"wp:attachment":[{"href":"https:\/\/jennyisbaking.com\/de\/wp-json\/wp\/v2\/media?parent=47"}],"curies":[{"name":"wp","href":"https:\/\/api.w.org\/{rel}","templated":true}]}}