{"id":6343,"date":"2018-06-18T07:43:21","date_gmt":"2018-06-18T05:43:21","guid":{"rendered":"http:\/\/jennyisbaking.com\/?page_id=6343"},"modified":"2019-07-06T12:06:19","modified_gmt":"2019-07-06T10:06:19","slug":"photography-tips","status":"publish","type":"page","link":"https:\/\/jennyisbaking.com\/de\/photography-tips\/","title":{"rendered":"Tipps f\u00fcr die Fotografie"},"content":{"rendered":"<p>\t\t\r\n\t\t\t\t\r\n\t\t\t\t<h4 class=\"index-heading\"><span>Fotografie-Tipps<\/span>\r\n\t\t\t\t<a href=\"https:\/\/jennyisbaking.com\/de\/category\/photography\/\">Alle Tipps <i class=\"fa fa-angle-double-right\"><\/i><\/a>\r\n\t\t\t\t<\/h4>\r\n\t\t\t\t\r\n\t\t\t\t\r\n\t\t\t\r\n\t\t\t<ul class=\"sp-grid col4\">\r\n\t\t\t\t\r\n\t\t\t\t\t\r\n\t\t\t<li>\r\n\t\t\t<article id=\"post-6583\" class=\"grid-item post-6583 post type-post status-publish format-standard has-post-thumbnail hentry category-photography tag-affordable tag-backdrop tag-cheap tag-foto tag-fotohintergrund tag-gunstig tag-hintergrund tag-holzbrett tag-homemade tag-paint tag-photo-backdrop tag-selbst-herstellen tag-selbstgemacht tag-streichen\">\r\n\t\t\t\t\r\n\t\t\t\t\t\t\t\t<div class=\"post-img\">\r\n\t\t\t\t\t\t\t\t\t\t<a href=\"https:\/\/jennyisbaking.com\/de\/2018\/08\/10\/how-to-make-affordable-photo-backdrops\/\"><img loading=\"lazy\" decoding=\"async\" width=\"350\" height=\"460\" src=\"https:\/\/i0.wp.com\/jennyisbaking.com\/wp-1c174-content\/uploads\/2018\/08\/DSC08068.jpg?resize=350%2C460&amp;ssl=1\" class=\"attachment-sprout_spoon_misc-thumb size-sprout_spoon_misc-thumb wp-post-image\" alt=\"Wie man g\u00fcnstig tolle Fotohintergr\u00fcnde herstellt\" data-attachment-id=\"6590\" data-permalink=\"https:\/\/jennyisbaking.com\/de\/2018\/08\/10\/how-to-make-affordable-photo-backdrops\/dsc08068\/\" data-orig-file=\"https:\/\/i0.wp.com\/jennyisbaking.com\/wp-1c174-content\/uploads\/2018\/08\/DSC08068.jpg?fit=534%2C801&amp;ssl=1\" data-orig-size=\"534,801\" data-comments-opened=\"1\" data-image-meta=\"{&quot;aperture&quot;:&quot;3.2&quot;,&quot;credit&quot;:&quot;&quot;,&quot;camera&quot;:&quot;NEX-7&quot;,&quot;caption&quot;:&quot;&quot;,&quot;created_timestamp&quot;:&quot;1525542362&quot;,&quot;copyright&quot;:&quot;&quot;,&quot;focal_length&quot;:&quot;50&quot;,&quot;iso&quot;:&quot;100&quot;,&quot;shutter_speed&quot;:&quot;0.016666666666667&quot;,&quot;title&quot;:&quot;&quot;,&quot;orientation&quot;:&quot;1&quot;}\" data-image-title=\"Wie man g\u00fcnstig tolle Fotohintergr\u00fcnde herstellt\" data-image-description=\"\" data-image-caption=\"\" data-large-file=\"https:\/\/i0.wp.com\/jennyisbaking.com\/wp-1c174-content\/uploads\/2018\/08\/DSC08068.jpg?fit=534%2C801&amp;ssl=1\" \/><\/a>\r\n\t\t\t\t\t\t\t\t\t<\/div>\r\n\t\t\t\t\t\t\t\t\r\n\t\t\t\t<div class=\"post-header\">\r\n\t\t\t\t\t\r\n\t\t\t\t\t\t\t\t\t\t\r\n\t\t\t\t\t\t\t\t\t\t<h2><a href=\"https:\/\/jennyisbaking.com\/de\/2018\/08\/10\/how-to-make-affordable-photo-backdrops\/\">Wie man g\u00fcnstig tolle Fotohintergr\u00fcnde herstellt<\/a><\/h2>\r\n\t\t\t\t\t\t\t\t\t\t\r\n\t\t\t\t<\/div>\r\n\t\t\t\t\r\n\t\t\t\t\t\t\t\t<span class=\"date\">10\/08\/2018<\/span>\r\n\t\t\t\t\t\t\t\t\r\n\t\t\t<\/article>\r\n\t\t\t<\/li>\r\n\t\t\r\n\t\t\t\t\t\r\n\t\t\t<li>\r\n\t\t\t<article id=\"post-5909\" class=\"grid-item post-5909 post type-post status-publish format-standard has-post-thumbnail hentry category-photography tag-besser-werden tag-food-photography tag-fotografie tag-how-to tag-improve tag-photography tag-tipps tag-tips tag-verbessern\">\r\n\t\t\t\t\r\n\t\t\t\t\t\t\t\t<div class=\"post-img\">\r\n\t\t\t\t\t\t\t\t\t\t<a href=\"https:\/\/jennyisbaking.com\/de\/2018\/06\/18\/how-to-set-goals-to-improve-your-food-photography-faster\/\"><img loading=\"lazy\" decoding=\"async\" width=\"350\" height=\"460\" src=\"https:\/\/i0.wp.com\/jennyisbaking.com\/wp-1c174-content\/uploads\/2018\/05\/DSC09782featured.jpg?resize=350%2C460&amp;ssl=1\" class=\"attachment-sprout_spoon_misc-thumb size-sprout_spoon_misc-thumb wp-post-image\" alt=\"wie du schneller besser fotografierst\" srcset=\"https:\/\/i0.wp.com\/jennyisbaking.com\/wp-1c174-content\/uploads\/2018\/05\/DSC09782featured.jpg?resize=350%2C460&amp;ssl=1 350w, https:\/\/i0.wp.com\/jennyisbaking.com\/wp-1c174-content\/uploads\/2018\/05\/DSC09782featured.jpg?zoom=2&amp;resize=350%2C460&amp;ssl=1 700w\" sizes=\"auto, (max-width: 350px) 100vw, 350px\" data-attachment-id=\"6254\" data-permalink=\"https:\/\/jennyisbaking.com\/de\/2018\/06\/18\/how-to-set-goals-to-improve-your-food-photography-faster\/dsc09782featured\/\" data-orig-file=\"https:\/\/i0.wp.com\/jennyisbaking.com\/wp-1c174-content\/uploads\/2018\/05\/DSC09782featured.jpg?fit=791%2C534&amp;ssl=1\" data-orig-size=\"791,534\" data-comments-opened=\"1\" data-image-meta=\"{&quot;aperture&quot;:&quot;3.5&quot;,&quot;credit&quot;:&quot;Picasa&quot;,&quot;camera&quot;:&quot;NEX-7&quot;,&quot;caption&quot;:&quot;&quot;,&quot;created_timestamp&quot;:&quot;1527421291&quot;,&quot;copyright&quot;:&quot;&quot;,&quot;focal_length&quot;:&quot;50&quot;,&quot;iso&quot;:&quot;200&quot;,&quot;shutter_speed&quot;:&quot;0.02&quot;,&quot;title&quot;:&quot;&quot;,&quot;orientation&quot;:&quot;1&quot;}\" data-image-title=\"wie du schneller besser fotografierst\" data-image-description=\"\" data-image-caption=\"\" data-large-file=\"https:\/\/i0.wp.com\/jennyisbaking.com\/wp-1c174-content\/uploads\/2018\/05\/DSC09782featured.jpg?fit=791%2C534&amp;ssl=1\" \/><\/a>\r\n\t\t\t\t\t\t\t\t\t<\/div>\r\n\t\t\t\t\t\t\t\t\r\n\t\t\t\t<div class=\"post-header\">\r\n\t\t\t\t\t\r\n\t\t\t\t\t\t\t\t\t\t\r\n\t\t\t\t\t\t\t\t\t\t<h2><a href=\"https:\/\/jennyisbaking.com\/de\/2018\/06\/18\/how-to-set-goals-to-improve-your-food-photography-faster\/\">Wie du schneller besser fotografieren lernst<\/a><\/h2>\r\n\t\t\t\t\t\t\t\t\t\t\r\n\t\t\t\t<\/div>\r\n\t\t\t\t\r\n\t\t\t\t\t\t\t\t<span class=\"date\">18\/06\/2018<\/span>\r\n\t\t\t\t\t\t\t\t\r\n\t\t\t<\/article>\r\n\t\t\t<\/li>\r\n\t\t\r\n\t\t\t\t\t\r\n\t\t\t<li>\r\n\t\t\t<article id=\"post-5620\" class=\"grid-item post-5620 post type-post status-publish format-standard has-post-thumbnail hentry category-photography tag-anfanger tag-beginner tag-food-photography tag-foto tag-how-to-take-food-pictures tag-photo tag-tipps tag-tips\">\r\n\t\t\t\t\r\n\t\t\t\t\t\t\t\t<div class=\"post-img\">\r\n\t\t\t\t\t\t\t\t\t\t<a href=\"https:\/\/jennyisbaking.com\/de\/2018\/04\/12\/10-beginners-tips-for-food-photography\/\"><img loading=\"lazy\" decoding=\"async\" width=\"350\" height=\"460\" src=\"https:\/\/i0.wp.com\/jennyisbaking.com\/wp-1c174-content\/uploads\/2018\/03\/DSC0600.jpg?resize=350%2C460&amp;ssl=1\" class=\"attachment-sprout_spoon_misc-thumb size-sprout_spoon_misc-thumb wp-post-image\" alt=\"\" data-attachment-id=\"5647\" data-permalink=\"https:\/\/jennyisbaking.com\/de\/2018\/04\/12\/10-beginners-tips-for-food-photography\/_dsc0600\/\" data-orig-file=\"https:\/\/i0.wp.com\/jennyisbaking.com\/wp-1c174-content\/uploads\/2018\/03\/DSC0600.jpg?fit=534%2C801&amp;ssl=1\" data-orig-size=\"534,801\" data-comments-opened=\"1\" data-image-meta=\"{&quot;aperture&quot;:&quot;3.2&quot;,&quot;credit&quot;:&quot;&quot;,&quot;camera&quot;:&quot;NIKON D5200&quot;,&quot;caption&quot;:&quot;&quot;,&quot;created_timestamp&quot;:&quot;1477748614&quot;,&quot;copyright&quot;:&quot;&quot;,&quot;focal_length&quot;:&quot;35&quot;,&quot;iso&quot;:&quot;800&quot;,&quot;shutter_speed&quot;:&quot;0.0125&quot;,&quot;title&quot;:&quot;&quot;,&quot;orientation&quot;:&quot;1&quot;}\" data-image-title=\"_DSC0600\" data-image-description=\"\" data-image-caption=\"\" data-large-file=\"https:\/\/i0.wp.com\/jennyisbaking.com\/wp-1c174-content\/uploads\/2018\/03\/DSC0600.jpg?fit=534%2C801&amp;ssl=1\" \/><\/a>\r\n\t\t\t\t\t\t\t\t\t<\/div>\r\n\t\t\t\t\t\t\t\t\r\n\t\t\t\t<div class=\"post-header\">\r\n\t\t\t\t\t\r\n\t\t\t\t\t\t\t\t\t\t\r\n\t\t\t\t\t\t\t\t\t\t<h2><a href=\"https:\/\/jennyisbaking.com\/de\/2018\/04\/12\/10-beginners-tips-for-food-photography\/\">Was ich bisher \u00fcber Food-Fotografie gelernt habe, zehn Tipps f\u00fcr Anf\u00e4nger<\/a><\/h2>\r\n\t\t\t\t\t\t\t\t\t\t\r\n\t\t\t\t<\/div>\r\n\t\t\t\t\r\n\t\t\t\t\t\t\t\t<span class=\"date\">12\/04\/2018<\/span>\r\n\t\t\t\t\t\t\t\t\r\n\t\t\t<\/article>\r\n\t\t\t<\/li>\r\n\t\t\r\n\t\t\t\t\r\n\t\t<\/ul>\r\n\t\t\r\n\t\t\t\t\r\n\t\t\t\r\n\t<\/p>","protected":false},"excerpt":{"rendered":"","protected":false},"author":1,"featured_media":6254,"parent":0,"menu_order":0,"comment_status":"closed","ping_status":"closed","template":"","meta":{"jetpack_post_was_ever_published":false,"footnotes":""},"class_list":["post-6343","page","type-page","status-publish","has-post-thumbnail","hentry"],"yoast_head":"<!-- This site is optimized with the Yoast SEO plugin v27.4 - https:\/\/yoast.com\/product\/yoast-seo-wordpress\/ -->\n<title>Tipps f\u00fcr die Fotografie - Jenny is baking<\/title>\n<meta name=\"robots\" content=\"index, follow, max-snippet:-1, max-image-preview:large, max-video-preview:-1\" \/>\n<link rel=\"canonical\" href=\"https:\/\/jennyisbaking.com\/de\/photography-tips\/\" \/>\n<meta property=\"og:locale\" content=\"de_DE\" \/>\n<meta property=\"og:type\" content=\"article\" \/>\n<meta property=\"og:title\" content=\"Tipps f\u00fcr die Fotografie - Jenny is baking\" \/>\n<meta property=\"og:url\" content=\"https:\/\/jennyisbaking.com\/de\/photography-tips\/\" \/>\n<meta property=\"og:site_name\" content=\"Jenny is baking\" \/>\n<meta property=\"article:publisher\" content=\"https:\/\/www.facebook.com\/jennyisbaking\/\" \/>\n<meta property=\"article:modified_time\" content=\"2019-07-06T10:06:19+00:00\" \/>\n<meta property=\"og:image\" content=\"https:\/\/i1.wp.com\/jennyisbaking.com\/wp-1c174-content\/uploads\/2018\/05\/DSC09782featured.jpg?fit=791%2C534&ssl=1\" \/>\n\t<meta property=\"og:image:width\" content=\"791\" \/>\n\t<meta property=\"og:image:height\" content=\"534\" \/>\n\t<meta property=\"og:image:type\" content=\"image\/jpeg\" \/>\n<meta name=\"twitter:card\" content=\"summary_large_image\" \/>\n<script type=\"application\/ld+json\" class=\"yoast-schema-graph\">{\"@context\":\"https:\\\/\\\/schema.org\",\"@graph\":[{\"@type\":\"WebPage\",\"@id\":\"https:\\\/\\\/jennyisbaking.com\\\/de\\\/photography-tips\\\/\",\"url\":\"https:\\\/\\\/jennyisbaking.com\\\/de\\\/photography-tips\\\/\",\"name\":\"Tipps f\u00fcr die Fotografie - Jenny is baking\",\"isPartOf\":{\"@id\":\"https:\\\/\\\/jennyisbaking.com\\\/de\\\/#website\"},\"primaryImageOfPage\":{\"@id\":\"https:\\\/\\\/jennyisbaking.com\\\/de\\\/photography-tips\\\/#primaryimage\"},\"image\":{\"@id\":\"https:\\\/\\\/jennyisbaking.com\\\/photography-tips\\\/#primaryimage\"},\"thumbnailUrl\":\"https:\\\/\\\/i0.wp.com\\\/jennyisbaking.com\\\/wp-1c174-content\\\/uploads\\\/2018\\\/05\\\/DSC09782featured.jpg?fit=791%2C534&ssl=1\",\"datePublished\":\"2018-06-18T05:43:21+00:00\",\"dateModified\":\"2019-07-06T10:06:19+00:00\",\"breadcrumb\":{\"@id\":\"https:\\\/\\\/jennyisbaking.com\\\/de\\\/photography-tips\\\/#breadcrumb\"},\"inLanguage\":\"de\",\"potentialAction\":[{\"@type\":\"ReadAction\",\"target\":[[\"https:\\\/\\\/jennyisbaking.com\\\/de\\\/photography-tips\\\/\"]]}]},{\"@type\":\"ImageObject\",\"inLanguage\":\"de\",\"@id\":\"https:\\\/\\\/jennyisbaking.com\\\/de\\\/photography-tips\\\/#primaryimage\",\"url\":\"https:\\\/\\\/i0.wp.com\\\/jennyisbaking.com\\\/wp-1c174-content\\\/uploads\\\/2018\\\/05\\\/DSC09782featured.jpg?fit=791%2C534&ssl=1\",\"contentUrl\":\"https:\\\/\\\/i0.wp.com\\\/jennyisbaking.com\\\/wp-1c174-content\\\/uploads\\\/2018\\\/05\\\/DSC09782featured.jpg?fit=791%2C534&ssl=1\",\"width\":791,\"height\":534,\"caption\":\"wie du schneller besser fotografierst\"},{\"@type\":\"BreadcrumbList\",\"@id\":\"https:\\\/\\\/jennyisbaking.com\\\/de\\\/photography-tips\\\/#breadcrumb\",\"itemListElement\":[{\"@type\":\"ListItem\",\"position\":1,\"name\":\"Startseite\",\"item\":\"https:\\\/\\\/jennyisbaking.com\\\/de\\\/\"},{\"@type\":\"ListItem\",\"position\":2,\"name\":\"Photography Tips\"}]},{\"@type\":\"WebSite\",\"@id\":\"https:\\\/\\\/jennyisbaking.com\\\/de\\\/#website\",\"url\":\"https:\\\/\\\/jennyisbaking.com\\\/de\\\/\",\"name\":\"Jenny is baking\",\"description\":\"Backrezepte aus Nord- und S\u00fcdamerika\",\"potentialAction\":[{\"@type\":\"SearchAction\",\"target\":{\"@type\":\"EntryPoint\",\"urlTemplate\":\"https:\\\/\\\/jennyisbaking.com\\\/de\\\/?s={search_term_string}\"},\"query-input\":{\"@type\":\"PropertyValueSpecification\",\"valueRequired\":true,\"valueName\":\"search_term_string\"}}],\"inLanguage\":\"de\"}]}<\/script>\n<!-- \/ Yoast SEO plugin. -->","yoast_head_json":{"title":"Tipps f\u00fcr die Fotografie - Jenny is baking","robots":{"index":"index","follow":"follow","max-snippet":"max-snippet:-1","max-image-preview":"max-image-preview:large","max-video-preview":"max-video-preview:-1"},"canonical":"https:\/\/jennyisbaking.com\/de\/photography-tips\/","og_locale":"de_DE","og_type":"article","og_title":"Tipps f\u00fcr die Fotografie - Jenny is baking","og_url":"https:\/\/jennyisbaking.com\/de\/photography-tips\/","og_site_name":"Jenny is baking","article_publisher":"https:\/\/www.facebook.com\/jennyisbaking\/","article_modified_time":"2019-07-06T10:06:19+00:00","og_image":[{"width":791,"height":534,"url":"https:\/\/i1.wp.com\/jennyisbaking.com\/wp-1c174-content\/uploads\/2018\/05\/DSC09782featured.jpg?fit=791%2C534&ssl=1","type":"image\/jpeg"}],"twitter_card":"summary_large_image","schema":{"@context":"https:\/\/schema.org","@graph":[{"@type":"WebPage","@id":"https:\/\/jennyisbaking.com\/de\/photography-tips\/","url":"https:\/\/jennyisbaking.com\/de\/photography-tips\/","name":"Tipps f\u00fcr die Fotografie - Jenny is baking","isPartOf":{"@id":"https:\/\/jennyisbaking.com\/de\/#website"},"primaryImageOfPage":{"@id":"https:\/\/jennyisbaking.com\/de\/photography-tips\/#primaryimage"},"image":{"@id":"https:\/\/jennyisbaking.com\/photography-tips\/#primaryimage"},"thumbnailUrl":"https:\/\/i0.wp.com\/jennyisbaking.com\/wp-1c174-content\/uploads\/2018\/05\/DSC09782featured.jpg?fit=791%2C534&ssl=1","datePublished":"2018-06-18T05:43:21+00:00","dateModified":"2019-07-06T10:06:19+00:00","breadcrumb":{"@id":"https:\/\/jennyisbaking.com\/de\/photography-tips\/#breadcrumb"},"inLanguage":"de","potentialAction":[{"@type":"ReadAction","target":[["https:\/\/jennyisbaking.com\/de\/photography-tips\/"]]}]},{"@type":"ImageObject","inLanguage":"de","@id":"https:\/\/jennyisbaking.com\/de\/photography-tips\/#primaryimage","url":"https:\/\/i0.wp.com\/jennyisbaking.com\/wp-1c174-content\/uploads\/2018\/05\/DSC09782featured.jpg?fit=791%2C534&ssl=1","contentUrl":"https:\/\/i0.wp.com\/jennyisbaking.com\/wp-1c174-content\/uploads\/2018\/05\/DSC09782featured.jpg?fit=791%2C534&ssl=1","width":791,"height":534,"caption":"wie du schneller besser fotografierst"},{"@type":"BreadcrumbList","@id":"https:\/\/jennyisbaking.com\/de\/photography-tips\/#breadcrumb","itemListElement":[{"@type":"ListItem","position":1,"name":"Startseite","item":"https:\/\/jennyisbaking.com\/de\/"},{"@type":"ListItem","position":2,"name":"Photography Tips"}]},{"@type":"WebSite","@id":"https:\/\/jennyisbaking.com\/de\/#website","url":"https:\/\/jennyisbaking.com\/de\/","name":"Jenny is baking","description":"Backrezepte aus Nord- und S\u00fcdamerika","potentialAction":[{"@type":"SearchAction","target":{"@type":"EntryPoint","urlTemplate":"https:\/\/jennyisbaking.com\/de\/?s={search_term_string}"},"query-input":{"@type":"PropertyValueSpecification","valueRequired":true,"valueName":"search_term_string"}}],"inLanguage":"de"}]}},"jetpack_sharing_enabled":true,"jetpack_shortlink":"https:\/\/wp.me\/P8MAhl-1Ej","jetpack-related-posts":[{"id":64,"url":"https:\/\/jennyisbaking.com\/de\/recipe-index\/","url_meta":{"origin":6343,"position":0},"title":"Alle Rezepte","author":"Jenny","date":"Samstag, der 11. Februar 2017","format":false,"excerpt":"Merken","rel":"","context":"\u00c4hnlicher Beitrag","block_context":{"text":"\u00c4hnlicher Beitrag","link":""},"img":{"alt_text":"","src":"https:\/\/i0.wp.com\/jennyisbaking.com\/wp-1c174-content\/uploads\/2018\/05\/DSC09200.jpg?fit=801%2C534&ssl=1&resize=350%2C200","width":350,"height":200,"srcset":"https:\/\/i0.wp.com\/jennyisbaking.com\/wp-1c174-content\/uploads\/2018\/05\/DSC09200.jpg?fit=801%2C534&ssl=1&resize=350%2C200 1x, https:\/\/i0.wp.com\/jennyisbaking.com\/wp-1c174-content\/uploads\/2018\/05\/DSC09200.jpg?fit=801%2C534&ssl=1&resize=525%2C300 1.5x, https:\/\/i0.wp.com\/jennyisbaking.com\/wp-1c174-content\/uploads\/2018\/05\/DSC09200.jpg?fit=801%2C534&ssl=1&resize=700%2C400 2x"},"classes":[]},{"id":6709,"url":"https:\/\/jennyisbaking.com\/de\/recipe-index\/by-category\/","url_meta":{"origin":6343,"position":1},"title":"Nach Kategorie","author":"Jenny","date":"Sonntag, der 19. August 2018","format":false,"excerpt":"","rel":"","context":"\u00c4hnlicher Beitrag","block_context":{"text":"\u00c4hnlicher Beitrag","link":""},"img":{"alt_text":"","src":"","width":0,"height":0},"classes":[]},{"id":6711,"url":"https:\/\/jennyisbaking.com\/de\/recipe-index\/by-season\/","url_meta":{"origin":6343,"position":2},"title":"Nach Jahreszeit","author":"Jenny","date":"Sonntag, der 19. August 2018","format":false,"excerpt":"","rel":"","context":"\u00c4hnlicher Beitrag","block_context":{"text":"\u00c4hnlicher Beitrag","link":""},"img":{"alt_text":"","src":"","width":0,"height":0},"classes":[]},{"id":6722,"url":"https:\/\/jennyisbaking.com\/de\/recipe-index\/occasion\/","url_meta":{"origin":6343,"position":3},"title":"Nach Anlass","author":"Jenny","date":"Sonntag, der 19. August 2018","format":false,"excerpt":"","rel":"","context":"\u00c4hnlicher Beitrag","block_context":{"text":"\u00c4hnlicher Beitrag","link":""},"img":{"alt_text":"","src":"","width":0,"height":0},"classes":[]},{"id":6717,"url":"https:\/\/jennyisbaking.com\/de\/recipe-index\/by-country\/","url_meta":{"origin":6343,"position":4},"title":"Nach L\u00e4ndern","author":"Jenny","date":"Sonntag, der 19. August 2018","format":false,"excerpt":"","rel":"","context":"\u00c4hnlicher Beitrag","block_context":{"text":"\u00c4hnlicher Beitrag","link":""},"img":{"alt_text":"","src":"","width":0,"height":0},"classes":[]},{"id":7208,"url":"https:\/\/jennyisbaking.com\/de\/lets-have-a-coffee\/","url_meta":{"origin":6343,"position":5},"title":"Auf einen Kaffee","author":"Jenny","date":"Donnerstag, der 11. Oktober 2018","format":false,"excerpt":"","rel":"","context":"\u00c4hnlicher Beitrag","block_context":{"text":"\u00c4hnlicher Beitrag","link":""},"img":{"alt_text":"","src":"","width":0,"height":0},"classes":[]}],"_links":{"self":[{"href":"https:\/\/jennyisbaking.com\/de\/wp-json\/wp\/v2\/pages\/6343","targetHints":{"allow":["GET"]}}],"collection":[{"href":"https:\/\/jennyisbaking.com\/de\/wp-json\/wp\/v2\/pages"}],"about":[{"href":"https:\/\/jennyisbaking.com\/de\/wp-json\/wp\/v2\/types\/page"}],"author":[{"embeddable":true,"href":"https:\/\/jennyisbaking.com\/de\/wp-json\/wp\/v2\/users\/1"}],"replies":[{"embeddable":true,"href":"https:\/\/jennyisbaking.com\/de\/wp-json\/wp\/v2\/comments?post=6343"}],"version-history":[{"count":5,"href":"https:\/\/jennyisbaking.com\/de\/wp-json\/wp\/v2\/pages\/6343\/revisions"}],"predecessor-version":[{"id":8968,"href":"https:\/\/jennyisbaking.com\/de\/wp-json\/wp\/v2\/pages\/6343\/revisions\/8968"}],"wp:featuredmedia":[{"embeddable":true,"href":"https:\/\/jennyisbaking.com\/de\/wp-json\/wp\/v2\/media\/6254"}],"wp:attachment":[{"href":"https:\/\/jennyisbaking.com\/de\/wp-json\/wp\/v2\/media?parent=6343"}],"curies":[{"name":"wp","href":"https:\/\/api.w.org\/{rel}","templated":true}]}}