{"id":7,"date":"2017-02-11T12:36:02","date_gmt":"2017-02-11T10:36:02","guid":{"rendered":"https:\/\/jennyisbaking.wordpress.com\/?page_id=3"},"modified":"2018-03-19T21:15:44","modified_gmt":"2018-03-19T20:15:44","slug":"contact","status":"publish","type":"page","link":"https:\/\/jennyisbaking.com\/de\/contact\/","title":{"rendered":"Kontakt"},"content":{"rendered":"<p>F\u00fcr jegliche Anregungen, Kritik und Fragen, kannst du mich per info <em>at<\/em> jennyisbaking <em>punkt<\/em> com erreichen.<\/p>","protected":false},"excerpt":{"rendered":"<p>Dies ist nur eine Kurzfassung der Seite&nbsp;\u201eKontakt\u201c.<\/p>\n","protected":false},"author":1,"featured_media":5491,"parent":0,"menu_order":2,"comment_status":"closed","ping_status":"closed","template":"","meta":{"jetpack_post_was_ever_published":false,"footnotes":""},"class_list":["post-7","page","type-page","status-publish","has-post-thumbnail","hentry"],"yoast_head":"<!-- This site is optimized with the Yoast SEO plugin v27.3 - https:\/\/yoast.com\/product\/yoast-seo-wordpress\/ -->\n<title>Kontakt - Jenny is baking<\/title>\n<meta name=\"robots\" content=\"index, follow, max-snippet:-1, max-image-preview:large, max-video-preview:-1\" \/>\n<link rel=\"canonical\" href=\"https:\/\/jennyisbaking.com\/de\/contact\/\" \/>\n<meta property=\"og:locale\" content=\"de_DE\" \/>\n<meta property=\"og:type\" content=\"article\" \/>\n<meta property=\"og:title\" content=\"Kontakt - Jenny is baking\" \/>\n<meta property=\"og:description\" content=\"Dies ist nur eine Kurzfassung der Seite&nbsp;\u201eKontakt\u201c.\" \/>\n<meta property=\"og:url\" content=\"https:\/\/jennyisbaking.com\/de\/contact\/\" \/>\n<meta property=\"og:site_name\" content=\"Jenny is baking\" \/>\n<meta property=\"article:publisher\" content=\"https:\/\/www.facebook.com\/jennyisbaking\/\" \/>\n<meta property=\"article:modified_time\" content=\"2018-03-19T20:15:44+00:00\" \/>\n<meta property=\"og:image\" content=\"https:\/\/i0.wp.com\/jennyisbaking.com\/wp-1c174-content\/uploads\/2018\/03\/DSC06540.jpg?fit=801%2C534&ssl=1\" \/>\n\t<meta property=\"og:image:width\" content=\"801\" \/>\n\t<meta property=\"og:image:height\" content=\"534\" \/>\n\t<meta property=\"og:image:type\" content=\"image\/jpeg\" \/>\n<meta name=\"twitter:card\" content=\"summary_large_image\" \/>\n<script type=\"application\/ld+json\" class=\"yoast-schema-graph\">{\"@context\":\"https:\\\/\\\/schema.org\",\"@graph\":[{\"@type\":\"WebPage\",\"@id\":\"https:\\\/\\\/jennyisbaking.com\\\/de\\\/contact\\\/\",\"url\":\"https:\\\/\\\/jennyisbaking.com\\\/de\\\/contact\\\/\",\"name\":\"Kontakt - Jenny is baking\",\"isPartOf\":{\"@id\":\"https:\\\/\\\/jennyisbaking.com\\\/de\\\/#website\"},\"primaryImageOfPage\":{\"@id\":\"https:\\\/\\\/jennyisbaking.com\\\/de\\\/contact\\\/#primaryimage\"},\"image\":{\"@id\":\"https:\\\/\\\/jennyisbaking.com\\\/contact\\\/#primaryimage\"},\"thumbnailUrl\":\"https:\\\/\\\/i0.wp.com\\\/jennyisbaking.com\\\/wp-1c174-content\\\/uploads\\\/2018\\\/03\\\/DSC06540.jpg?fit=801%2C534&ssl=1\",\"datePublished\":\"2017-02-11T10:36:02+00:00\",\"dateModified\":\"2018-03-19T20:15:44+00:00\",\"breadcrumb\":{\"@id\":\"https:\\\/\\\/jennyisbaking.com\\\/de\\\/contact\\\/#breadcrumb\"},\"inLanguage\":\"de\",\"potentialAction\":[{\"@type\":\"ReadAction\",\"target\":[[\"https:\\\/\\\/jennyisbaking.com\\\/de\\\/contact\\\/\"]]}]},{\"@type\":\"ImageObject\",\"inLanguage\":\"de\",\"@id\":\"https:\\\/\\\/jennyisbaking.com\\\/de\\\/contact\\\/#primaryimage\",\"url\":\"https:\\\/\\\/i0.wp.com\\\/jennyisbaking.com\\\/wp-1c174-content\\\/uploads\\\/2018\\\/03\\\/DSC06540.jpg?fit=801%2C534&ssl=1\",\"contentUrl\":\"https:\\\/\\\/i0.wp.com\\\/jennyisbaking.com\\\/wp-1c174-content\\\/uploads\\\/2018\\\/03\\\/DSC06540.jpg?fit=801%2C534&ssl=1\",\"width\":801,\"height\":534,\"caption\":\"pavlova with lemon curd\"},{\"@type\":\"BreadcrumbList\",\"@id\":\"https:\\\/\\\/jennyisbaking.com\\\/de\\\/contact\\\/#breadcrumb\",\"itemListElement\":[{\"@type\":\"ListItem\",\"position\":1,\"name\":\"Startseite\",\"item\":\"https:\\\/\\\/jennyisbaking.com\\\/de\\\/\"},{\"@type\":\"ListItem\",\"position\":2,\"name\":\"Contact\"}]},{\"@type\":\"WebSite\",\"@id\":\"https:\\\/\\\/jennyisbaking.com\\\/de\\\/#website\",\"url\":\"https:\\\/\\\/jennyisbaking.com\\\/de\\\/\",\"name\":\"Jenny is baking\",\"description\":\"Backrezepte aus Nord- und S\u00fcdamerika\",\"potentialAction\":[{\"@type\":\"SearchAction\",\"target\":{\"@type\":\"EntryPoint\",\"urlTemplate\":\"https:\\\/\\\/jennyisbaking.com\\\/de\\\/?s={search_term_string}\"},\"query-input\":{\"@type\":\"PropertyValueSpecification\",\"valueRequired\":true,\"valueName\":\"search_term_string\"}}],\"inLanguage\":\"de\"}]}<\/script>\n<!-- \/ Yoast SEO plugin. -->","yoast_head_json":{"title":"Kontakt - Jenny is baking","robots":{"index":"index","follow":"follow","max-snippet":"max-snippet:-1","max-image-preview":"max-image-preview:large","max-video-preview":"max-video-preview:-1"},"canonical":"https:\/\/jennyisbaking.com\/de\/contact\/","og_locale":"de_DE","og_type":"article","og_title":"Kontakt - Jenny is baking","og_description":"Dies ist nur eine Kurzfassung der Seite&nbsp;\u201eKontakt\u201c.","og_url":"https:\/\/jennyisbaking.com\/de\/contact\/","og_site_name":"Jenny is baking","article_publisher":"https:\/\/www.facebook.com\/jennyisbaking\/","article_modified_time":"2018-03-19T20:15:44+00:00","og_image":[{"width":801,"height":534,"url":"https:\/\/i0.wp.com\/jennyisbaking.com\/wp-1c174-content\/uploads\/2018\/03\/DSC06540.jpg?fit=801%2C534&ssl=1","type":"image\/jpeg"}],"twitter_card":"summary_large_image","schema":{"@context":"https:\/\/schema.org","@graph":[{"@type":"WebPage","@id":"https:\/\/jennyisbaking.com\/de\/contact\/","url":"https:\/\/jennyisbaking.com\/de\/contact\/","name":"Kontakt - Jenny is baking","isPartOf":{"@id":"https:\/\/jennyisbaking.com\/de\/#website"},"primaryImageOfPage":{"@id":"https:\/\/jennyisbaking.com\/de\/contact\/#primaryimage"},"image":{"@id":"https:\/\/jennyisbaking.com\/contact\/#primaryimage"},"thumbnailUrl":"https:\/\/i0.wp.com\/jennyisbaking.com\/wp-1c174-content\/uploads\/2018\/03\/DSC06540.jpg?fit=801%2C534&ssl=1","datePublished":"2017-02-11T10:36:02+00:00","dateModified":"2018-03-19T20:15:44+00:00","breadcrumb":{"@id":"https:\/\/jennyisbaking.com\/de\/contact\/#breadcrumb"},"inLanguage":"de","potentialAction":[{"@type":"ReadAction","target":[["https:\/\/jennyisbaking.com\/de\/contact\/"]]}]},{"@type":"ImageObject","inLanguage":"de","@id":"https:\/\/jennyisbaking.com\/de\/contact\/#primaryimage","url":"https:\/\/i0.wp.com\/jennyisbaking.com\/wp-1c174-content\/uploads\/2018\/03\/DSC06540.jpg?fit=801%2C534&ssl=1","contentUrl":"https:\/\/i0.wp.com\/jennyisbaking.com\/wp-1c174-content\/uploads\/2018\/03\/DSC06540.jpg?fit=801%2C534&ssl=1","width":801,"height":534,"caption":"pavlova with lemon curd"},{"@type":"BreadcrumbList","@id":"https:\/\/jennyisbaking.com\/de\/contact\/#breadcrumb","itemListElement":[{"@type":"ListItem","position":1,"name":"Startseite","item":"https:\/\/jennyisbaking.com\/de\/"},{"@type":"ListItem","position":2,"name":"Contact"}]},{"@type":"WebSite","@id":"https:\/\/jennyisbaking.com\/de\/#website","url":"https:\/\/jennyisbaking.com\/de\/","name":"Jenny is baking","description":"Backrezepte aus Nord- und S\u00fcdamerika","potentialAction":[{"@type":"SearchAction","target":{"@type":"EntryPoint","urlTemplate":"https:\/\/jennyisbaking.com\/de\/?s={search_term_string}"},"query-input":{"@type":"PropertyValueSpecification","valueRequired":true,"valueName":"search_term_string"}}],"inLanguage":"de"}]}},"jetpack_sharing_enabled":false,"jetpack_shortlink":"https:\/\/wp.me\/P8MAhl-7","jetpack-related-posts":[{"id":10228,"url":"https:\/\/jennyisbaking.com\/de\/about\/media-kit\/","url_meta":{"origin":7,"position":0},"title":"Media Kit","author":"Jenny","date":"Mittwoch, der  1. April 2020","format":false,"excerpt":"Jenny is baking ist ein zweisprachiger Backblog auf Deutsch und Englisch f\u00fcr den Hobbyb\u00e4cker. Die bisher mehr als 450 Rezepte reichen von einfachen Cookies bis hin zu anspruchsvolleren Torten mit Fokus auf Latein- und Nordamerika neben deutschen Klassikern. Motivtorten oder Fondant wird man hier jedoch vergeblich suchen. Auf dem Foto\u2026","rel":"","context":"\u00c4hnlicher Beitrag","block_context":{"text":"\u00c4hnlicher Beitrag","link":""},"img":{"alt_text":"","src":"https:\/\/i0.wp.com\/jennyisbaking.com\/wp-1c174-content\/uploads\/2018\/08\/Postre-chaja-1.jpg?fit=534%2C801&ssl=1&resize=350%2C200","width":350,"height":200,"srcset":"https:\/\/i0.wp.com\/jennyisbaking.com\/wp-1c174-content\/uploads\/2018\/08\/Postre-chaja-1.jpg?fit=534%2C801&ssl=1&resize=350%2C200 1x, https:\/\/i0.wp.com\/jennyisbaking.com\/wp-1c174-content\/uploads\/2018\/08\/Postre-chaja-1.jpg?fit=534%2C801&ssl=1&resize=525%2C300 1.5x"},"classes":[]},{"id":682,"url":"https:\/\/jennyisbaking.com\/de\/how-to\/","url_meta":{"origin":7,"position":1},"title":"Backtipps und -tricks","author":"Jenny","date":"Samstag, der 25. Februar 2017","format":false,"excerpt":"","rel":"","context":"\u00c4hnlicher Beitrag","block_context":{"text":"\u00c4hnlicher Beitrag","link":""},"img":{"alt_text":"M\u00fcrbeteig","src":"https:\/\/i0.wp.com\/jennyisbaking.com\/wp-1c174-content\/uploads\/2018\/11\/DSC04416.jpg?fit=801%2C534&ssl=1&resize=350%2C200","width":350,"height":200,"srcset":"https:\/\/i0.wp.com\/jennyisbaking.com\/wp-1c174-content\/uploads\/2018\/11\/DSC04416.jpg?fit=801%2C534&ssl=1&resize=350%2C200 1x, https:\/\/i0.wp.com\/jennyisbaking.com\/wp-1c174-content\/uploads\/2018\/11\/DSC04416.jpg?fit=801%2C534&ssl=1&resize=525%2C300 1.5x, https:\/\/i0.wp.com\/jennyisbaking.com\/wp-1c174-content\/uploads\/2018\/11\/DSC04416.jpg?fit=801%2C534&ssl=1&resize=700%2C400 2x"},"classes":[]},{"id":15003,"url":"https:\/\/jennyisbaking.com\/de\/wedding-cakes\/","url_meta":{"origin":7,"position":2},"title":"Hochzeitstorten","author":"Jenny","date":"Montag, der 14. August 2023","format":false,"excerpt":"","rel":"","context":"\u00c4hnlicher Beitrag","block_context":{"text":"\u00c4hnlicher Beitrag","link":""},"img":{"alt_text":"Dreist\u00f6ckige Hochzeitstorte mit Schoko-Drip","src":"https:\/\/i0.wp.com\/jennyisbaking.com\/wp-1c174-content\/uploads\/2021\/10\/DSC03893.jpg?fit=534%2C800&ssl=1&resize=350%2C200","width":350,"height":200,"srcset":"https:\/\/i0.wp.com\/jennyisbaking.com\/wp-1c174-content\/uploads\/2021\/10\/DSC03893.jpg?fit=534%2C800&ssl=1&resize=350%2C200 1x, https:\/\/i0.wp.com\/jennyisbaking.com\/wp-1c174-content\/uploads\/2021\/10\/DSC03893.jpg?fit=534%2C800&ssl=1&resize=525%2C300 1.5x"},"classes":[]},{"id":6343,"url":"https:\/\/jennyisbaking.com\/de\/photography-tips\/","url_meta":{"origin":7,"position":3},"title":"Tipps f\u00fcr die Fotografie","author":"Jenny","date":"Montag, der 18. Juni 2018","format":false,"excerpt":"","rel":"","context":"\u00c4hnlicher Beitrag","block_context":{"text":"\u00c4hnlicher Beitrag","link":""},"img":{"alt_text":"wie du schneller besser fotografierst","src":"https:\/\/i0.wp.com\/jennyisbaking.com\/wp-1c174-content\/uploads\/2018\/05\/DSC09782featured.jpg?fit=791%2C534&ssl=1&resize=350%2C200","width":350,"height":200,"srcset":"https:\/\/i0.wp.com\/jennyisbaking.com\/wp-1c174-content\/uploads\/2018\/05\/DSC09782featured.jpg?fit=791%2C534&ssl=1&resize=350%2C200 1x, https:\/\/i0.wp.com\/jennyisbaking.com\/wp-1c174-content\/uploads\/2018\/05\/DSC09782featured.jpg?fit=791%2C534&ssl=1&resize=525%2C300 1.5x, https:\/\/i0.wp.com\/jennyisbaking.com\/wp-1c174-content\/uploads\/2018\/05\/DSC09782featured.jpg?fit=791%2C534&ssl=1&resize=700%2C400 2x"},"classes":[]},{"id":7208,"url":"https:\/\/jennyisbaking.com\/de\/lets-have-a-coffee\/","url_meta":{"origin":7,"position":4},"title":"Auf einen Kaffee","author":"Jenny","date":"Donnerstag, der 11. Oktober 2018","format":false,"excerpt":"","rel":"","context":"\u00c4hnlicher Beitrag","block_context":{"text":"\u00c4hnlicher Beitrag","link":""},"img":{"alt_text":"","src":"","width":0,"height":0},"classes":[]},{"id":6738,"url":"https:\/\/jennyisbaking.com\/de\/recipe-index\/special-diet\/","url_meta":{"origin":7,"position":5},"title":"Glutenfrei, zuckerfrei, vegan, etc.","author":"Jenny","date":"Sonntag, der 19. August 2018","format":false,"excerpt":"","rel":"","context":"\u00c4hnlicher Beitrag","block_context":{"text":"\u00c4hnlicher Beitrag","link":""},"img":{"alt_text":"","src":"","width":0,"height":0},"classes":[]}],"_links":{"self":[{"href":"https:\/\/jennyisbaking.com\/de\/wp-json\/wp\/v2\/pages\/7","targetHints":{"allow":["GET"]}}],"collection":[{"href":"https:\/\/jennyisbaking.com\/de\/wp-json\/wp\/v2\/pages"}],"about":[{"href":"https:\/\/jennyisbaking.com\/de\/wp-json\/wp\/v2\/types\/page"}],"author":[{"embeddable":true,"href":"https:\/\/jennyisbaking.com\/de\/wp-json\/wp\/v2\/users\/1"}],"replies":[{"embeddable":true,"href":"https:\/\/jennyisbaking.com\/de\/wp-json\/wp\/v2\/comments?post=7"}],"version-history":[{"count":3,"href":"https:\/\/jennyisbaking.com\/de\/wp-json\/wp\/v2\/pages\/7\/revisions"}],"predecessor-version":[{"id":5283,"href":"https:\/\/jennyisbaking.com\/de\/wp-json\/wp\/v2\/pages\/7\/revisions\/5283"}],"wp:featuredmedia":[{"embeddable":true,"href":"https:\/\/jennyisbaking.com\/de\/wp-json\/wp\/v2\/media\/5491"}],"wp:attachment":[{"href":"https:\/\/jennyisbaking.com\/de\/wp-json\/wp\/v2\/media?parent=7"}],"curies":[{"name":"wp","href":"https:\/\/api.w.org\/{rel}","templated":true}]}}