{"id":7208,"date":"2018-10-11T07:37:12","date_gmt":"2018-10-11T05:37:12","guid":{"rendered":"https:\/\/jennyisbaking.com\/?page_id=7208"},"modified":"2019-07-06T12:07:18","modified_gmt":"2019-07-06T10:07:18","slug":"lets-have-a-coffee","status":"publish","type":"page","link":"https:\/\/jennyisbaking.com\/de\/lets-have-a-coffee\/","title":{"rendered":"Auf einen Kaffee"},"content":{"rendered":"<p>\t\t\r\n\t\t\t\t\r\n\t\t\t\t<h4 class=\"index-heading\"><span>Auf einen Kaffee<\/span>\r\n\t\t\t\t<a href=\"https:\/\/jennyisbaking.com\/de\/category\/coffee-with-jenny\/\">Alle Beitr\u00e4ge Auf einen Kaffee <i class=\"fa fa-angle-double-right\"><\/i><\/a>\r\n\t\t\t\t<\/h4>\r\n\t\t\t\t\r\n\t\t\t\t\r\n\t\t\t\r\n\t\t\t<ul class=\"sp-grid col4\">\r\n\t\t\t\t\r\n\t\t\t\t\t\r\n\t\t\t<li>\r\n\t\t\t<article id=\"post-18914\" class=\"grid-item post-18914 post type-post status-publish format-standard has-post-thumbnail hentry category-allgemein category-coffee-with-jenny tag-bilanz tag-blog-review tag-foodblogbilanz tag-review\">\r\n\t\t\t\t\r\n\t\t\t\t\t\t\t\t<div class=\"post-img\">\r\n\t\t\t\t\t\t\t\t\t\t<a href=\"https:\/\/jennyisbaking.com\/de\/2025\/12\/30\/blog-review-2025\/\"><img loading=\"lazy\" decoding=\"async\" width=\"350\" height=\"460\" src=\"https:\/\/i0.wp.com\/jennyisbaking.com\/wp-1c174-content\/uploads\/2025\/12\/Vor-dem-Wehnachtsbaum.jpg?resize=350%2C460&amp;ssl=1\" class=\"attachment-sprout_spoon_misc-thumb size-sprout_spoon_misc-thumb wp-post-image\" alt=\"\" data-attachment-id=\"19037\" data-permalink=\"https:\/\/jennyisbaking.com\/de\/2025\/12\/30\/blog-review-2025\/vor-dem-wehnachtsbaum\/\" data-orig-file=\"https:\/\/i0.wp.com\/jennyisbaking.com\/wp-1c174-content\/uploads\/2025\/12\/Vor-dem-Wehnachtsbaum.jpg?fit=448%2C801&amp;ssl=1\" data-orig-size=\"448,801\" data-comments-opened=\"1\" data-image-meta=\"{&quot;aperture&quot;:&quot;0&quot;,&quot;credit&quot;:&quot;&quot;,&quot;camera&quot;:&quot;&quot;,&quot;caption&quot;:&quot;&quot;,&quot;created_timestamp&quot;:&quot;0&quot;,&quot;copyright&quot;:&quot;&quot;,&quot;focal_length&quot;:&quot;0&quot;,&quot;iso&quot;:&quot;0&quot;,&quot;shutter_speed&quot;:&quot;0&quot;,&quot;title&quot;:&quot;&quot;,&quot;orientation&quot;:&quot;0&quot;}\" data-image-title=\"Vor-dem-Wehnachtsbaum\" data-image-description=\"\" data-image-caption=\"\" data-large-file=\"https:\/\/i0.wp.com\/jennyisbaking.com\/wp-1c174-content\/uploads\/2025\/12\/Vor-dem-Wehnachtsbaum.jpg?fit=448%2C801&amp;ssl=1\" \/><\/a>\r\n\t\t\t\t\t\t\t\t\t<\/div>\r\n\t\t\t\t\t\t\t\t\r\n\t\t\t\t<div class=\"post-header\">\r\n\t\t\t\t\t\r\n\t\t\t\t\t\t\t\t\t\t\r\n\t\t\t\t\t\t\t\t\t\t<h2><a href=\"https:\/\/jennyisbaking.com\/de\/2025\/12\/30\/blog-review-2025\/\">Foodblog-Bilanz 2025<\/a><\/h2>\r\n\t\t\t\t\t\t\t\t\t\t\r\n\t\t\t\t<\/div>\r\n\t\t\t\t\r\n\t\t\t\t\t\t\t\t<span class=\"date\">30\/12\/2025<\/span>\r\n\t\t\t\t\t\t\t\t\r\n\t\t\t<\/article>\r\n\t\t\t<\/li>\r\n\t\t\r\n\t\t\t\t\t\r\n\t\t\t<li>\r\n\t\t\t<article id=\"post-17845\" class=\"grid-item post-17845 post type-post status-publish format-standard has-post-thumbnail hentry category-coffee-with-jenny tag-bayerischer-wald tag-dog-hotel tag-frauenau tag-hundehotel tag-mit-hund tag-reise tag-reisen-mit-hund tag-travel tag-with-dog\">\r\n\t\t\t\t\r\n\t\t\t\t\t\t\t\t<div class=\"post-img\">\r\n\t\t\t\t\t\t\t\t\t\t<a href=\"https:\/\/jennyisbaking.com\/de\/2025\/03\/18\/coffee-date-no-18-travel-to-bayerischer-wald\/\"><img loading=\"lazy\" decoding=\"async\" width=\"350\" height=\"460\" src=\"https:\/\/i0.wp.com\/jennyisbaking.com\/wp-1c174-content\/uploads\/2025\/03\/Gastehaus-Falkenau.jpg?resize=350%2C460&amp;ssl=1\" class=\"attachment-sprout_spoon_misc-thumb size-sprout_spoon_misc-thumb wp-post-image\" alt=\"\" srcset=\"https:\/\/i0.wp.com\/jennyisbaking.com\/wp-1c174-content\/uploads\/2025\/03\/Gastehaus-Falkenau.jpg?resize=350%2C460&amp;ssl=1 350w, https:\/\/i0.wp.com\/jennyisbaking.com\/wp-1c174-content\/uploads\/2025\/03\/Gastehaus-Falkenau.jpg?zoom=2&amp;resize=350%2C460&amp;ssl=1 700w\" sizes=\"auto, (max-width: 350px) 100vw, 350px\" data-attachment-id=\"17846\" data-permalink=\"https:\/\/jennyisbaking.com\/de\/2025\/03\/18\/coffee-date-no-18-travel-to-bayerischer-wald\/gastehaus-falkenau\/\" data-orig-file=\"https:\/\/i0.wp.com\/jennyisbaking.com\/wp-1c174-content\/uploads\/2025\/03\/Gastehaus-Falkenau.jpg?fit=801%2C534&amp;ssl=1\" data-orig-size=\"801,534\" data-comments-opened=\"1\" data-image-meta=\"{&quot;aperture&quot;:&quot;0&quot;,&quot;credit&quot;:&quot;&quot;,&quot;camera&quot;:&quot;&quot;,&quot;caption&quot;:&quot;&quot;,&quot;created_timestamp&quot;:&quot;0&quot;,&quot;copyright&quot;:&quot;&quot;,&quot;focal_length&quot;:&quot;0&quot;,&quot;iso&quot;:&quot;0&quot;,&quot;shutter_speed&quot;:&quot;0&quot;,&quot;title&quot;:&quot;&quot;,&quot;orientation&quot;:&quot;0&quot;}\" data-image-title=\"Ga\u0308stehaus-Falkenau\" data-image-description=\"\" data-image-caption=\"\" data-large-file=\"https:\/\/i0.wp.com\/jennyisbaking.com\/wp-1c174-content\/uploads\/2025\/03\/Gastehaus-Falkenau.jpg?fit=801%2C534&amp;ssl=1\" \/><\/a>\r\n\t\t\t\t\t\t\t\t\t<\/div>\r\n\t\t\t\t\t\t\t\t\r\n\t\t\t\t<div class=\"post-header\">\r\n\t\t\t\t\t\r\n\t\t\t\t\t\t\t\t\t\t\r\n\t\t\t\t\t\t\t\t\t\t<h2><a href=\"https:\/\/jennyisbaking.com\/de\/2025\/03\/18\/coffee-date-no-18-travel-to-bayerischer-wald\/\">Coffee Date 18 &#8211; Reise in den Bayerischen Wald<\/a><\/h2>\r\n\t\t\t\t\t\t\t\t\t\t\r\n\t\t\t\t<\/div>\r\n\t\t\t\t\r\n\t\t\t\t\t\t\t\t<span class=\"date\">18\/03\/2025<\/span>\r\n\t\t\t\t\t\t\t\t\r\n\t\t\t<\/article>\r\n\t\t\t<\/li>\r\n\t\t\r\n\t\t\t\t\t\r\n\t\t\t<li>\r\n\t\t\t<article id=\"post-17462\" class=\"grid-item post-17462 post type-post status-publish format-standard has-post-thumbnail hentry category-allgemein category-coffee-with-jenny\">\r\n\t\t\t\t\r\n\t\t\t\t\t\t\t\t<div class=\"post-img\">\r\n\t\t\t\t\t\t\t\t\t\t<a href=\"https:\/\/jennyisbaking.com\/de\/2024\/12\/28\/foodblog-bilanz-2024\/\"><img loading=\"lazy\" decoding=\"async\" width=\"350\" height=\"460\" src=\"https:\/\/i0.wp.com\/jennyisbaking.com\/wp-1c174-content\/uploads\/2024\/12\/Jenny.jpg?resize=350%2C460&amp;ssl=1\" class=\"attachment-sprout_spoon_misc-thumb size-sprout_spoon_misc-thumb wp-post-image\" alt=\"\" data-attachment-id=\"17463\" data-permalink=\"https:\/\/jennyisbaking.com\/de\/2024\/12\/28\/foodblog-bilanz-2024\/jenny-3\/\" data-orig-file=\"https:\/\/i0.wp.com\/jennyisbaking.com\/wp-1c174-content\/uploads\/2024\/12\/Jenny.jpg?fit=534%2C801&amp;ssl=1\" data-orig-size=\"534,801\" data-comments-opened=\"1\" data-image-meta=\"{&quot;aperture&quot;:&quot;0&quot;,&quot;credit&quot;:&quot;&quot;,&quot;camera&quot;:&quot;&quot;,&quot;caption&quot;:&quot;&quot;,&quot;created_timestamp&quot;:&quot;0&quot;,&quot;copyright&quot;:&quot;&quot;,&quot;focal_length&quot;:&quot;0&quot;,&quot;iso&quot;:&quot;0&quot;,&quot;shutter_speed&quot;:&quot;0&quot;,&quot;title&quot;:&quot;&quot;,&quot;orientation&quot;:&quot;0&quot;}\" data-image-title=\"Jenny\" data-image-description=\"\" data-image-caption=\"\" data-large-file=\"https:\/\/i0.wp.com\/jennyisbaking.com\/wp-1c174-content\/uploads\/2024\/12\/Jenny.jpg?fit=534%2C801&amp;ssl=1\" \/><\/a>\r\n\t\t\t\t\t\t\t\t\t<\/div>\r\n\t\t\t\t\t\t\t\t\r\n\t\t\t\t<div class=\"post-header\">\r\n\t\t\t\t\t\r\n\t\t\t\t\t\t\t\t\t\t\r\n\t\t\t\t\t\t\t\t\t\t<h2><a href=\"https:\/\/jennyisbaking.com\/de\/2024\/12\/28\/foodblog-bilanz-2024\/\">Foodblog-Bilanz 2024<\/a><\/h2>\r\n\t\t\t\t\t\t\t\t\t\t\r\n\t\t\t\t<\/div>\r\n\t\t\t\t\r\n\t\t\t\t\t\t\t\t<span class=\"date\">28\/12\/2024<\/span>\r\n\t\t\t\t\t\t\t\t\r\n\t\t\t<\/article>\r\n\t\t\t<\/li>\r\n\t\t\r\n\t\t\t\t\t\r\n\t\t\t<li>\r\n\t\t\t<article id=\"post-16898\" class=\"grid-item post-16898 post type-post status-publish format-standard has-post-thumbnail hentry category-coffee-with-jenny\">\r\n\t\t\t\t\r\n\t\t\t\t\t\t\t\t<div class=\"post-img\">\r\n\t\t\t\t\t\t\t\t\t\t<a href=\"https:\/\/jennyisbaking.com\/de\/2024\/11\/19\/nostalgic-coffee-date-about-working-as-a-pianist-and-social-media-without-sound\/\"><img loading=\"lazy\" decoding=\"async\" width=\"350\" height=\"460\" src=\"https:\/\/i0.wp.com\/jennyisbaking.com\/wp-1c174-content\/uploads\/2024\/08\/Haende-beim-KLavierspiel.jpg?resize=350%2C460&amp;ssl=1\" class=\"attachment-sprout_spoon_misc-thumb size-sprout_spoon_misc-thumb wp-post-image\" alt=\"\" data-attachment-id=\"16902\" data-permalink=\"https:\/\/jennyisbaking.com\/de\/2024\/11\/19\/nostalgic-coffee-date-about-working-as-a-pianist-and-social-media-without-sound\/haende-beim-klavierspiel\/\" data-orig-file=\"https:\/\/i0.wp.com\/jennyisbaking.com\/wp-1c174-content\/uploads\/2024\/08\/Haende-beim-KLavierspiel.jpg?fit=534%2C801&amp;ssl=1\" data-orig-size=\"534,801\" data-comments-opened=\"1\" data-image-meta=\"{&quot;aperture&quot;:&quot;0&quot;,&quot;credit&quot;:&quot;&quot;,&quot;camera&quot;:&quot;&quot;,&quot;caption&quot;:&quot;&quot;,&quot;created_timestamp&quot;:&quot;0&quot;,&quot;copyright&quot;:&quot;Fotografie Marlen Mieth&quot;,&quot;focal_length&quot;:&quot;0&quot;,&quot;iso&quot;:&quot;0&quot;,&quot;shutter_speed&quot;:&quot;0&quot;,&quot;title&quot;:&quot;&quot;,&quot;orientation&quot;:&quot;0&quot;}\" data-image-title=\"Ha\u0308nde-beim-KLavierspiel\" data-image-description=\"\" data-image-caption=\"\" data-large-file=\"https:\/\/i0.wp.com\/jennyisbaking.com\/wp-1c174-content\/uploads\/2024\/08\/Haende-beim-KLavierspiel.jpg?fit=534%2C801&amp;ssl=1\" \/><\/a>\r\n\t\t\t\t\t\t\t\t\t<\/div>\r\n\t\t\t\t\t\t\t\t\r\n\t\t\t\t<div class=\"post-header\">\r\n\t\t\t\t\t\r\n\t\t\t\t\t\t\t\t\t\t\r\n\t\t\t\t\t\t\t\t\t\t<h2><a href=\"https:\/\/jennyisbaking.com\/de\/2024\/11\/19\/nostalgic-coffee-date-about-working-as-a-pianist-and-social-media-without-sound\/\">Nostalgisches Coffee Date zum Thema Arbeit als Pianistin und Social Media ohne Ton<\/a><\/h2>\r\n\t\t\t\t\t\t\t\t\t\t\r\n\t\t\t\t<\/div>\r\n\t\t\t\t\r\n\t\t\t\t\t\t\t\t<span class=\"date\">19\/11\/2024<\/span>\r\n\t\t\t\t\t\t\t\t\r\n\t\t\t<\/article>\r\n\t\t\t<\/li>\r\n\t\t\r\n\t\t\t\t\r\n\t\t<\/ul>\r\n\t\t\r\n\t\t\t\t\r\n\t\t\t\r\n\t<\/p>","protected":false},"excerpt":{"rendered":"","protected":false},"author":1,"featured_media":0,"parent":0,"menu_order":0,"comment_status":"closed","ping_status":"closed","template":"","meta":{"jetpack_post_was_ever_published":false,"footnotes":""},"class_list":["post-7208","page","type-page","status-publish","hentry"],"yoast_head":"<!-- This site is optimized with the Yoast SEO plugin v27.4 - https:\/\/yoast.com\/product\/yoast-seo-wordpress\/ -->\n<title>Auf einen Kaffee - Jenny is baking<\/title>\n<meta name=\"robots\" content=\"index, follow, max-snippet:-1, max-image-preview:large, max-video-preview:-1\" \/>\n<link rel=\"canonical\" href=\"https:\/\/jennyisbaking.com\/de\/lets-have-a-coffee\/\" \/>\n<meta property=\"og:locale\" content=\"de_DE\" \/>\n<meta property=\"og:type\" content=\"article\" \/>\n<meta property=\"og:title\" content=\"Auf einen Kaffee - Jenny is baking\" \/>\n<meta property=\"og:url\" content=\"https:\/\/jennyisbaking.com\/de\/lets-have-a-coffee\/\" \/>\n<meta property=\"og:site_name\" content=\"Jenny is baking\" \/>\n<meta property=\"article:publisher\" content=\"https:\/\/www.facebook.com\/jennyisbaking\/\" \/>\n<meta property=\"article:modified_time\" content=\"2019-07-06T10:07:18+00:00\" \/>\n<meta name=\"twitter:card\" content=\"summary_large_image\" \/>\n<script type=\"application\/ld+json\" class=\"yoast-schema-graph\">{\"@context\":\"https:\\\/\\\/schema.org\",\"@graph\":[{\"@type\":\"WebPage\",\"@id\":\"https:\\\/\\\/jennyisbaking.com\\\/de\\\/lets-have-a-coffee\\\/\",\"url\":\"https:\\\/\\\/jennyisbaking.com\\\/de\\\/lets-have-a-coffee\\\/\",\"name\":\"Auf einen Kaffee - Jenny is baking\",\"isPartOf\":{\"@id\":\"https:\\\/\\\/jennyisbaking.com\\\/de\\\/#website\"},\"datePublished\":\"2018-10-11T05:37:12+00:00\",\"dateModified\":\"2019-07-06T10:07:18+00:00\",\"breadcrumb\":{\"@id\":\"https:\\\/\\\/jennyisbaking.com\\\/de\\\/lets-have-a-coffee\\\/#breadcrumb\"},\"inLanguage\":\"de\",\"potentialAction\":[{\"@type\":\"ReadAction\",\"target\":[[\"https:\\\/\\\/jennyisbaking.com\\\/de\\\/lets-have-a-coffee\\\/\"]]}]},{\"@type\":\"BreadcrumbList\",\"@id\":\"https:\\\/\\\/jennyisbaking.com\\\/de\\\/lets-have-a-coffee\\\/#breadcrumb\",\"itemListElement\":[{\"@type\":\"ListItem\",\"position\":1,\"name\":\"Startseite\",\"item\":\"https:\\\/\\\/jennyisbaking.com\\\/de\\\/\"},{\"@type\":\"ListItem\",\"position\":2,\"name\":\"Let&#8217;s Have A Coffee\"}]},{\"@type\":\"WebSite\",\"@id\":\"https:\\\/\\\/jennyisbaking.com\\\/de\\\/#website\",\"url\":\"https:\\\/\\\/jennyisbaking.com\\\/de\\\/\",\"name\":\"Jenny is baking\",\"description\":\"Backrezepte aus Nord- und S\u00fcdamerika\",\"potentialAction\":[{\"@type\":\"SearchAction\",\"target\":{\"@type\":\"EntryPoint\",\"urlTemplate\":\"https:\\\/\\\/jennyisbaking.com\\\/de\\\/?s={search_term_string}\"},\"query-input\":{\"@type\":\"PropertyValueSpecification\",\"valueRequired\":true,\"valueName\":\"search_term_string\"}}],\"inLanguage\":\"de\"}]}<\/script>\n<!-- \/ Yoast SEO plugin. -->","yoast_head_json":{"title":"Auf einen Kaffee - Jenny is baking","robots":{"index":"index","follow":"follow","max-snippet":"max-snippet:-1","max-image-preview":"max-image-preview:large","max-video-preview":"max-video-preview:-1"},"canonical":"https:\/\/jennyisbaking.com\/de\/lets-have-a-coffee\/","og_locale":"de_DE","og_type":"article","og_title":"Auf einen Kaffee - Jenny is baking","og_url":"https:\/\/jennyisbaking.com\/de\/lets-have-a-coffee\/","og_site_name":"Jenny is baking","article_publisher":"https:\/\/www.facebook.com\/jennyisbaking\/","article_modified_time":"2019-07-06T10:07:18+00:00","twitter_card":"summary_large_image","schema":{"@context":"https:\/\/schema.org","@graph":[{"@type":"WebPage","@id":"https:\/\/jennyisbaking.com\/de\/lets-have-a-coffee\/","url":"https:\/\/jennyisbaking.com\/de\/lets-have-a-coffee\/","name":"Auf einen Kaffee - Jenny is baking","isPartOf":{"@id":"https:\/\/jennyisbaking.com\/de\/#website"},"datePublished":"2018-10-11T05:37:12+00:00","dateModified":"2019-07-06T10:07:18+00:00","breadcrumb":{"@id":"https:\/\/jennyisbaking.com\/de\/lets-have-a-coffee\/#breadcrumb"},"inLanguage":"de","potentialAction":[{"@type":"ReadAction","target":[["https:\/\/jennyisbaking.com\/de\/lets-have-a-coffee\/"]]}]},{"@type":"BreadcrumbList","@id":"https:\/\/jennyisbaking.com\/de\/lets-have-a-coffee\/#breadcrumb","itemListElement":[{"@type":"ListItem","position":1,"name":"Startseite","item":"https:\/\/jennyisbaking.com\/de\/"},{"@type":"ListItem","position":2,"name":"Let&#8217;s Have A Coffee"}]},{"@type":"WebSite","@id":"https:\/\/jennyisbaking.com\/de\/#website","url":"https:\/\/jennyisbaking.com\/de\/","name":"Jenny is baking","description":"Backrezepte aus Nord- und S\u00fcdamerika","potentialAction":[{"@type":"SearchAction","target":{"@type":"EntryPoint","urlTemplate":"https:\/\/jennyisbaking.com\/de\/?s={search_term_string}"},"query-input":{"@type":"PropertyValueSpecification","valueRequired":true,"valueName":"search_term_string"}}],"inLanguage":"de"}]}},"jetpack_sharing_enabled":true,"jetpack_shortlink":"https:\/\/wp.me\/P8MAhl-1Sg","jetpack-related-posts":[{"id":6709,"url":"https:\/\/jennyisbaking.com\/de\/recipe-index\/by-category\/","url_meta":{"origin":7208,"position":0},"title":"Nach Kategorie","author":"Jenny","date":"Sonntag, der 19. August 2018","format":false,"excerpt":"","rel":"","context":"\u00c4hnlicher Beitrag","block_context":{"text":"\u00c4hnlicher Beitrag","link":""},"img":{"alt_text":"","src":"","width":0,"height":0},"classes":[]},{"id":64,"url":"https:\/\/jennyisbaking.com\/de\/recipe-index\/","url_meta":{"origin":7208,"position":1},"title":"Alle Rezepte","author":"Jenny","date":"Samstag, der 11. Februar 2017","format":false,"excerpt":"Merken","rel":"","context":"\u00c4hnlicher Beitrag","block_context":{"text":"\u00c4hnlicher Beitrag","link":""},"img":{"alt_text":"","src":"https:\/\/i0.wp.com\/jennyisbaking.com\/wp-1c174-content\/uploads\/2018\/05\/DSC09200.jpg?fit=801%2C534&ssl=1&resize=350%2C200","width":350,"height":200,"srcset":"https:\/\/i0.wp.com\/jennyisbaking.com\/wp-1c174-content\/uploads\/2018\/05\/DSC09200.jpg?fit=801%2C534&ssl=1&resize=350%2C200 1x, https:\/\/i0.wp.com\/jennyisbaking.com\/wp-1c174-content\/uploads\/2018\/05\/DSC09200.jpg?fit=801%2C534&ssl=1&resize=525%2C300 1.5x, https:\/\/i0.wp.com\/jennyisbaking.com\/wp-1c174-content\/uploads\/2018\/05\/DSC09200.jpg?fit=801%2C534&ssl=1&resize=700%2C400 2x"},"classes":[]},{"id":6711,"url":"https:\/\/jennyisbaking.com\/de\/recipe-index\/by-season\/","url_meta":{"origin":7208,"position":2},"title":"Nach Jahreszeit","author":"Jenny","date":"Sonntag, der 19. August 2018","format":false,"excerpt":"","rel":"","context":"\u00c4hnlicher Beitrag","block_context":{"text":"\u00c4hnlicher Beitrag","link":""},"img":{"alt_text":"","src":"","width":0,"height":0},"classes":[]},{"id":6722,"url":"https:\/\/jennyisbaking.com\/de\/recipe-index\/occasion\/","url_meta":{"origin":7208,"position":3},"title":"Nach Anlass","author":"Jenny","date":"Sonntag, der 19. August 2018","format":false,"excerpt":"","rel":"","context":"\u00c4hnlicher Beitrag","block_context":{"text":"\u00c4hnlicher Beitrag","link":""},"img":{"alt_text":"","src":"","width":0,"height":0},"classes":[]},{"id":6717,"url":"https:\/\/jennyisbaking.com\/de\/recipe-index\/by-country\/","url_meta":{"origin":7208,"position":4},"title":"Nach L\u00e4ndern","author":"Jenny","date":"Sonntag, der 19. August 2018","format":false,"excerpt":"","rel":"","context":"\u00c4hnlicher Beitrag","block_context":{"text":"\u00c4hnlicher Beitrag","link":""},"img":{"alt_text":"","src":"","width":0,"height":0},"classes":[]},{"id":47,"url":"https:\/\/jennyisbaking.com\/de\/about\/faq\/","url_meta":{"origin":7208,"position":5},"title":"FAQ","author":"Jenny","date":"Samstag, der 11. Februar 2017","format":false,"excerpt":"Wer isst die ganzen Cookies, Torten usw? Keine Sorge, mein Mann und ich essen nicht alles alleine auf. Ja, ich probiere von allen Sachen selbst. Oft ist es ein kleines Probierst\u00fcck, aber ich w\u00fcrde niemals etwas ver\u00f6ffentlichen ohne es probiert zu haben. Daf\u00fcr ist mir der Geschmack viel zu wichtig.\u2026","rel":"","context":"\u00c4hnlicher Beitrag","block_context":{"text":"\u00c4hnlicher Beitrag","link":""},"img":{"alt_text":"","src":"https:\/\/i0.wp.com\/jennyisbaking.com\/wp-1c174-content\/uploads\/2018\/07\/Alfajor-marplatense-1.jpg?fit=534%2C801&ssl=1&resize=350%2C200","width":350,"height":200,"srcset":"https:\/\/i0.wp.com\/jennyisbaking.com\/wp-1c174-content\/uploads\/2018\/07\/Alfajor-marplatense-1.jpg?fit=534%2C801&ssl=1&resize=350%2C200 1x, https:\/\/i0.wp.com\/jennyisbaking.com\/wp-1c174-content\/uploads\/2018\/07\/Alfajor-marplatense-1.jpg?fit=534%2C801&ssl=1&resize=525%2C300 1.5x"},"classes":[]}],"_links":{"self":[{"href":"https:\/\/jennyisbaking.com\/de\/wp-json\/wp\/v2\/pages\/7208","targetHints":{"allow":["GET"]}}],"collection":[{"href":"https:\/\/jennyisbaking.com\/de\/wp-json\/wp\/v2\/pages"}],"about":[{"href":"https:\/\/jennyisbaking.com\/de\/wp-json\/wp\/v2\/types\/page"}],"author":[{"embeddable":true,"href":"https:\/\/jennyisbaking.com\/de\/wp-json\/wp\/v2\/users\/1"}],"replies":[{"embeddable":true,"href":"https:\/\/jennyisbaking.com\/de\/wp-json\/wp\/v2\/comments?post=7208"}],"version-history":[{"count":4,"href":"https:\/\/jennyisbaking.com\/de\/wp-json\/wp\/v2\/pages\/7208\/revisions"}],"predecessor-version":[{"id":8969,"href":"https:\/\/jennyisbaking.com\/de\/wp-json\/wp\/v2\/pages\/7208\/revisions\/8969"}],"wp:attachment":[{"href":"https:\/\/jennyisbaking.com\/de\/wp-json\/wp\/v2\/media?parent=7208"}],"curies":[{"name":"wp","href":"https:\/\/api.w.org\/{rel}","templated":true}]}}